{"id":3536,"date":"2025-12-02T17:42:00","date_gmt":"2025-12-02T17:42:00","guid":{"rendered":"https:\/\/siamingenieria.com\/wpf\/?page_id=3536"},"modified":"2026-01-26T20:24:15","modified_gmt":"2026-01-26T20:24:15","slug":"olores-ofensivos","status":"publish","type":"page","link":"https:\/\/siamingenieria.com\/wpf\/servicios\/olores-ofensivos\/","title":{"rendered":"Olores Ofensivos"},"content":{"rendered":"\t\t<div data-elementor-type=\"wp-page\" data-elementor-id=\"3536\" class=\"elementor elementor-3536\" data-elementor-post-type=\"page\">\n\t\t\t\t\t\t<section class=\"elementor-section elementor-top-section elementor-element elementor-element-0f65e61 elementor-section-full_width elementor-section-height-default elementor-section-height-default\" data-id=\"0f65e61\" data-element_type=\"section\" data-e-type=\"section\">\n\t\t\t\t\t\t<div class=\"elementor-container elementor-column-gap-no\">\n\t\t\t\t\t<div class=\"elementor-column elementor-col-100 elementor-top-column elementor-element elementor-element-6748d0f\" data-id=\"6748d0f\" data-element_type=\"column\" data-e-type=\"column\">\n\t\t\t<div class=\"elementor-widget-wrap elementor-element-populated\">\n\t\t\t\t\t\t<div class=\"elementor-element elementor-element-f8a2e74 elementor-widget elementor-widget-go-single-service\" data-id=\"f8a2e74\" data-element_type=\"widget\" data-e-type=\"widget\" data-widget_type=\"go-single-service.default\">\n\t\t\t\t<div class=\"elementor-widget-container\">\n\t\t\t\t\t<div class=\"egx-services-details-area\">\n\n    \n    <div class=\"container egx-container-2\">\n        <div class=\"top-wrap\">\n            <a href=\"https:\/\/siamingenieria.com\/wpf\/servicios\/\" class=\"breadcrumb\">\n                <span class=\"icon\">\n                    <i class=\"fa-solid fa-angle-left\"><\/i>\n                <\/span>\n                <span class=\"text\">Regresar a Servicios<\/span>\n            <\/a>\n                            <div class=\"title-wrap\">\n                    <h1 class=\"hero-title egx-heading-1 egx-split-text split-in-right\">Olores Ofensivos <\/h1>\n                <\/div>\n                    <\/div>\n    <\/div>\n            <div class=\"thumbnails-1\">\n            <div class=\"img-cover image-pllx\">\n                <img decoding=\"async\" src=\"https:\/\/siamingenieria.com\/wpf\/wp-content\/uploads\/Olores-siam-servicios-1.jpg\" alt=\"\">\n            <\/div>\n        <\/div>\n    <\/div>\t\t\t\t<\/div>\n\t\t\t\t<\/div>\n\t\t\t\t\t<\/div>\n\t\t<\/div>\n\t\t\t\t\t<\/div>\n\t\t<\/section>\n\t\t<div class=\"elementor-element elementor-element-57544cf e-flex e-con-boxed e-con e-parent\" data-id=\"57544cf\" data-element_type=\"container\" data-e-type=\"container\">\n\t\t\t\t\t<div class=\"e-con-inner\">\n\t\t<div class=\"elementor-element elementor-element-8b0c70d e-con-full e-flex e-con e-child\" data-id=\"8b0c70d\" data-element_type=\"container\" data-e-type=\"container\">\n\t\t\t\t<div class=\"elementor-element elementor-element-2f3545e elementor-widget elementor-widget-heading\" data-id=\"2f3545e\" data-element_type=\"widget\" data-e-type=\"widget\" data-widget_type=\"heading.default\">\n\t\t\t\t\t<h2 class=\"elementor-heading-title elementor-size-default\">Ejecuci\u00f3n de monitoreos de olores ofensivos en el \u00e1rea de influencia de un embalse o presa, con el fin de identificar, cuantificar y evaluar las posibles fuentes generadoras de emisiones odor\u00edferas que puedan afectar el entorno y la percepci\u00f3n de la comunidad.<\/h2>\t\t\t\t<\/div>\n\t\t\t\t<div class=\"elementor-element elementor-element-d0024de elementor-widget elementor-widget-heading\" data-id=\"d0024de\" data-element_type=\"widget\" data-e-type=\"widget\" data-widget_type=\"heading.default\">\n\t\t\t\t\t<h5 class=\"elementor-heading-title elementor-size-default\">Problema del cliente:<\/h5>\t\t\t\t<\/div>\n\t\t\t\t<div class=\"elementor-element elementor-element-0baee39 elementor-widget elementor-widget-text-editor\" data-id=\"0baee39\" data-element_type=\"widget\" data-e-type=\"widget\" data-widget_type=\"text-editor.default\">\n\t\t\t\t\t\t\t\t\tEl cliente requiere un laboratorio con acreditaci\u00f3n vigente y soporte t\u00e9cnico especializado para realizar la caracterizaci\u00f3n de olores ofensivos, con el fin de evaluar la presencia de molestias por emisiones y cumplir con los requerimientos ambientales establecidos por la autoridad competente.\t\t\t\t\t\t\t\t<\/div>\n\t\t\t\t<div class=\"elementor-element elementor-element-2ab9ba2 elementor-widget elementor-widget-heading\" data-id=\"2ab9ba2\" data-element_type=\"widget\" data-e-type=\"widget\" data-widget_type=\"heading.default\">\n\t\t\t\t\t<h5 class=\"elementor-heading-title elementor-size-default\">Soluci\u00f3n:<\/h5>\t\t\t\t<\/div>\n\t\t\t\t<div class=\"elementor-element elementor-element-681f95d elementor-widget elementor-widget-text-editor\" data-id=\"681f95d\" data-element_type=\"widget\" data-e-type=\"widget\" data-widget_type=\"text-editor.default\">\n\t\t\t\t\t\t\t\t\tSe brinda acompa\u00f1amiento t\u00e9cnico para la planeaci\u00f3n, ejecuci\u00f3n y an\u00e1lisis de los monitoreos de olores ofensivos, aplicando metodolog\u00edas reconocidas y garantizando la representatividad de los resultados mediante equipos calibrados y personal especializado.\t\t\t\t\t\t\t\t<\/div>\n\t\t\t\t<div class=\"elementor-element elementor-element-43a4b8f elementor-widget elementor-widget-heading\" data-id=\"43a4b8f\" data-element_type=\"widget\" data-e-type=\"widget\" data-widget_type=\"heading.default\">\n\t\t\t\t\t<h5 class=\"elementor-heading-title elementor-size-default\">Beneficios: <\/h5>\t\t\t\t<\/div>\n\t\t\t\t<div class=\"elementor-element elementor-element-67c798c elementor-icon-list--layout-traditional elementor-list-item-link-full_width elementor-widget elementor-widget-icon-list\" data-id=\"67c798c\" data-element_type=\"widget\" data-e-type=\"widget\" data-widget_type=\"icon-list.default\">\n\t\t\t\t\t\t\t<ul class=\"elementor-icon-list-items\">\n\t\t\t\t\t\t\t<li class=\"elementor-icon-list-item\">\n\t\t\t\t\t\t\t\t\t\t\t<span class=\"elementor-icon-list-icon\">\n\t\t\t\t\t\t\t<i aria-hidden=\"true\" class=\"fas fa-circle\"><\/i>\t\t\t\t\t\t<\/span>\n\t\t\t\t\t\t\t\t\t\t<span class=\"elementor-icon-list-text\">Evaluaci\u00f3n precisa y confiable de las condiciones odor\u00edferas del entorno.<\/span>\n\t\t\t\t\t\t\t\t\t<\/li>\n\t\t\t\t\t\t\t\t<li class=\"elementor-icon-list-item\">\n\t\t\t\t\t\t\t\t\t\t\t<span class=\"elementor-icon-list-icon\">\n\t\t\t\t\t\t\t<i aria-hidden=\"true\" class=\"fas fa-circle\"><\/i>\t\t\t\t\t\t<\/span>\n\t\t\t\t\t\t\t\t\t\t<span class=\"elementor-icon-list-text\">Cumplimiento con los lineamientos t\u00e9cnicos y normativos aplicables.<\/span>\n\t\t\t\t\t\t\t\t\t<\/li>\n\t\t\t\t\t\t\t\t<li class=\"elementor-icon-list-item\">\n\t\t\t\t\t\t\t\t\t\t\t<span class=\"elementor-icon-list-icon\">\n\t\t\t\t\t\t\t<i aria-hidden=\"true\" class=\"fas fa-circle\"><\/i>\t\t\t\t\t\t<\/span>\n\t\t\t\t\t\t\t\t\t\t<span class=\"elementor-icon-list-text\">Soporte t\u00e9cnico que contribuye a la gesti\u00f3n ambiental y al control de impactos sobre las comunidades cercanas.<\/span>\n\t\t\t\t\t\t\t\t\t<\/li>\n\t\t\t\t\t\t<\/ul>\n\t\t\t\t\t\t<\/div>\n\t\t\t\t<div class=\"elementor-element elementor-element-bbf0646 elementor-widget elementor-widget-heading\" data-id=\"bbf0646\" data-element_type=\"widget\" data-e-type=\"widget\" data-widget_type=\"heading.default\">\n\t\t\t\t\t<h2 class=\"elementor-heading-title elementor-size-default\">Podr\u00e1s lograr con nosotros\u2026.<\/h2>\t\t\t\t<\/div>\n\t\t\t\t<div class=\"elementor-element elementor-element-3e6c304 elementor-widget elementor-widget-heading\" data-id=\"3e6c304\" data-element_type=\"widget\" data-e-type=\"widget\" data-widget_type=\"heading.default\">\n\t\t\t\t\t<h2 class=\"elementor-heading-title elementor-size-default\">M\u00e1s de 100 proyectos trabajados en todo Colombia con una satisfacci\u00f3n del 99,9% de nuestros clientes.<\/h2>\t\t\t\t<\/div>\n\t\t\t\t<div class=\"elementor-element elementor-element-3d43a20 elementor-widget elementor-widget-ft-btn-one\" data-id=\"3d43a20\" data-element_type=\"widget\" data-e-type=\"widget\" data-widget_type=\"ft-btn-one.default\">\n\t\t\t\t<div class=\"elementor-widget-container\">\n\t\t\t\t\t<div class=\"prthalign\">\n    <a href=\"https:\/\/siamingenieria.com\/wpf\/wp-content\/uploads\/Portafolio-SIAM.pdf\" target=\"_blank\" rel=\"nofollow\" class=\"egx-btn-2 hover-black-btn\">\n        <span class=\"btn-text\">Descarga portafolio<\/span>\n        <span class=\"btn-icon\">\n            <i class=\"fa-solid fa-arrow-right\"><\/i>\n        <\/span>\n    <\/a>\n<\/div>\n\t\t\t\t<\/div>\n\t\t\t\t<\/div>\n\t\t\t\t<\/div>\n\t\t\t\t\t<\/div>\n\t\t\t\t<\/div>\n\t\t<div class=\"elementor-element elementor-element-bbca644 e-flex e-con-boxed e-con e-parent\" data-id=\"bbca644\" data-element_type=\"container\" data-e-type=\"container\">\n\t\t\t\t\t<div class=\"e-con-inner\">\n\t\t<div class=\"elementor-element elementor-element-a863e45 e-con-full e-flex e-con e-child\" data-id=\"a863e45\" data-element_type=\"container\" data-e-type=\"container\">\n\t\t\t\t<div class=\"elementor-element elementor-element-a1431f6 elementor-widget elementor-widget-heading\" data-id=\"a1431f6\" data-element_type=\"widget\" data-e-type=\"widget\" data-widget_type=\"heading.default\">\n\t\t\t\t\t<h2 class=\"elementor-heading-title elementor-size-default\">Galer\u00eda<\/h2>\t\t\t\t<\/div>\n\t\t\t\t<div class=\"elementor-element elementor-element-86b55b9 elementor-widget elementor-widget-gallery\" data-id=\"86b55b9\" data-element_type=\"widget\" data-e-type=\"widget\" data-settings=\"{&quot;gallery_layout&quot;:&quot;masonry&quot;,&quot;columns&quot;:2,&quot;lazyload&quot;:&quot;yes&quot;,&quot;columns_tablet&quot;:2,&quot;columns_mobile&quot;:1,&quot;gap&quot;:{&quot;unit&quot;:&quot;px&quot;,&quot;size&quot;:10,&quot;sizes&quot;:[]},&quot;gap_tablet&quot;:{&quot;unit&quot;:&quot;px&quot;,&quot;size&quot;:10,&quot;sizes&quot;:[]},&quot;gap_mobile&quot;:{&quot;unit&quot;:&quot;px&quot;,&quot;size&quot;:10,&quot;sizes&quot;:[]},&quot;link_to&quot;:&quot;file&quot;,&quot;overlay_background&quot;:&quot;yes&quot;,&quot;content_hover_animation&quot;:&quot;fade-in&quot;}\" data-widget_type=\"gallery.default\">\n\t\t\t\t\t\t\t<div class=\"elementor-gallery__container\">\n\t\t\t\t\t\t\t<a class=\"e-gallery-item elementor-gallery-item elementor-animated-content\" href=\"https:\/\/siamingenieria.com\/wpf\/wp-content\/uploads\/Olores-siam-servicios-2.jpg\" data-elementor-open-lightbox=\"yes\" data-elementor-lightbox-slideshow=\"86b55b9\" data-elementor-lightbox-title=\"Olores-siam-servicios-2\" data-e-action-hash=\"#elementor-action%3Aaction%3Dlightbox%26settings%3DeyJpZCI6Mzg0NCwidXJsIjoiaHR0cHM6XC9cL3NpYW1pbmdlbmllcmlhLmNvbVwvd3BmXC93cC1jb250ZW50XC91cGxvYWRzXC9PbG9yZXMtc2lhbS1zZXJ2aWNpb3MtMi5qcGciLCJzbGlkZXNob3ciOiI4NmI1NWI5In0%3D\">\n\t\t\t\t\t<div class=\"e-gallery-image elementor-gallery-item__image\" data-thumbnail=\"https:\/\/siamingenieria.com\/wpf\/wp-content\/uploads\/Olores-siam-servicios-2.jpg\" data-width=\"1280\" data-height=\"960\" aria-label=\"\" role=\"img\" ><\/div>\n\t\t\t\t\t\t\t\t\t\t\t<div class=\"elementor-gallery-item__overlay\"><\/div>\n\t\t\t\t\t\t\t\t\t\t\t\t\t\t<\/a>\n\t\t\t\t\t\t\t<a class=\"e-gallery-item elementor-gallery-item elementor-animated-content\" href=\"https:\/\/siamingenieria.com\/wpf\/wp-content\/uploads\/Olores-siam-servicios-3.jpg\" data-elementor-open-lightbox=\"yes\" data-elementor-lightbox-slideshow=\"86b55b9\" data-elementor-lightbox-title=\"Olores-siam-servicios-3\" data-e-action-hash=\"#elementor-action%3Aaction%3Dlightbox%26settings%3DeyJpZCI6Mzg0NSwidXJsIjoiaHR0cHM6XC9cL3NpYW1pbmdlbmllcmlhLmNvbVwvd3BmXC93cC1jb250ZW50XC91cGxvYWRzXC9PbG9yZXMtc2lhbS1zZXJ2aWNpb3MtMy5qcGciLCJzbGlkZXNob3ciOiI4NmI1NWI5In0%3D\">\n\t\t\t\t\t<div class=\"e-gallery-image elementor-gallery-item__image\" data-thumbnail=\"https:\/\/siamingenieria.com\/wpf\/wp-content\/uploads\/Olores-siam-servicios-3.jpg\" data-width=\"1280\" data-height=\"960\" aria-label=\"\" role=\"img\" ><\/div>\n\t\t\t\t\t\t\t\t\t\t\t<div class=\"elementor-gallery-item__overlay\"><\/div>\n\t\t\t\t\t\t\t\t\t\t\t\t\t\t<\/a>\n\t\t\t\t\t\t\t<a class=\"e-gallery-item elementor-gallery-item elementor-animated-content\" href=\"https:\/\/siamingenieria.com\/wpf\/wp-content\/uploads\/Olores-siam-servicios-4.jpg\" data-elementor-open-lightbox=\"yes\" data-elementor-lightbox-slideshow=\"86b55b9\" data-elementor-lightbox-title=\"Olores-siam-servicios-4\" data-e-action-hash=\"#elementor-action%3Aaction%3Dlightbox%26settings%3DeyJpZCI6Mzg0NiwidXJsIjoiaHR0cHM6XC9cL3NpYW1pbmdlbmllcmlhLmNvbVwvd3BmXC93cC1jb250ZW50XC91cGxvYWRzXC9PbG9yZXMtc2lhbS1zZXJ2aWNpb3MtNC5qcGciLCJzbGlkZXNob3ciOiI4NmI1NWI5In0%3D\">\n\t\t\t\t\t<div class=\"e-gallery-image elementor-gallery-item__image\" data-thumbnail=\"https:\/\/siamingenieria.com\/wpf\/wp-content\/uploads\/Olores-siam-servicios-4.jpg\" data-width=\"1280\" data-height=\"960\" aria-label=\"\" role=\"img\" ><\/div>\n\t\t\t\t\t\t\t\t\t\t\t<div class=\"elementor-gallery-item__overlay\"><\/div>\n\t\t\t\t\t\t\t\t\t\t\t\t\t\t<\/a>\n\t\t\t\t\t\t\t<a class=\"e-gallery-item elementor-gallery-item elementor-animated-content\" href=\"https:\/\/siamingenieria.com\/wpf\/wp-content\/uploads\/Olores-siam-servicios-5.jpg\" data-elementor-open-lightbox=\"yes\" data-elementor-lightbox-slideshow=\"86b55b9\" data-elementor-lightbox-title=\"Olores-siam-servicios-5\" data-e-action-hash=\"#elementor-action%3Aaction%3Dlightbox%26settings%3DeyJpZCI6Mzg0NywidXJsIjoiaHR0cHM6XC9cL3NpYW1pbmdlbmllcmlhLmNvbVwvd3BmXC93cC1jb250ZW50XC91cGxvYWRzXC9PbG9yZXMtc2lhbS1zZXJ2aWNpb3MtNS5qcGciLCJzbGlkZXNob3ciOiI4NmI1NWI5In0%3D\">\n\t\t\t\t\t<div class=\"e-gallery-image elementor-gallery-item__image\" data-thumbnail=\"https:\/\/siamingenieria.com\/wpf\/wp-content\/uploads\/Olores-siam-servicios-5.jpg\" data-width=\"1280\" data-height=\"960\" aria-label=\"\" role=\"img\" ><\/div>\n\t\t\t\t\t\t\t\t\t\t\t<div class=\"elementor-gallery-item__overlay\"><\/div>\n\t\t\t\t\t\t\t\t\t\t\t\t\t\t<\/a>\n\t\t\t\t\t<\/div>\n\t\t\t\t\t<\/div>\n\t\t\t\t<\/div>\n\t\t\t\t\t<\/div>\n\t\t\t\t<\/div>\n\t\t\t\t<\/div>\n\t\t","protected":false},"excerpt":{"rendered":"<p>Regresar a Servicios Olores Ofensivos Ejecuci\u00f3n de monitoreos de olores ofensivos en el \u00e1rea de influencia de un embalse o presa, con el fin de identificar, cuantificar y evaluar las posibles fuentes generadoras de emisiones odor\u00edferas que puedan afectar el entorno y la percepci\u00f3n de la comunidad. Problema del cliente: El cliente requiere un laboratorio [&hellip;]<\/p>\n","protected":false},"author":1,"featured_media":0,"parent":14,"menu_order":0,"comment_status":"closed","ping_status":"closed","template":"elementor_header_footer","meta":{"_joinchat":[],"footnotes":""},"class_list":["post-3536","page","type-page","status-publish","hentry"],"_links":{"self":[{"href":"https:\/\/siamingenieria.com\/wpf\/wp-json\/wp\/v2\/pages\/3536","targetHints":{"allow":["GET"]}}],"collection":[{"href":"https:\/\/siamingenieria.com\/wpf\/wp-json\/wp\/v2\/pages"}],"about":[{"href":"https:\/\/siamingenieria.com\/wpf\/wp-json\/wp\/v2\/types\/page"}],"author":[{"embeddable":true,"href":"https:\/\/siamingenieria.com\/wpf\/wp-json\/wp\/v2\/users\/1"}],"replies":[{"embeddable":true,"href":"https:\/\/siamingenieria.com\/wpf\/wp-json\/wp\/v2\/comments?post=3536"}],"version-history":[{"count":13,"href":"https:\/\/siamingenieria.com\/wpf\/wp-json\/wp\/v2\/pages\/3536\/revisions"}],"predecessor-version":[{"id":3850,"href":"https:\/\/siamingenieria.com\/wpf\/wp-json\/wp\/v2\/pages\/3536\/revisions\/3850"}],"up":[{"embeddable":true,"href":"https:\/\/siamingenieria.com\/wpf\/wp-json\/wp\/v2\/pages\/14"}],"wp:attachment":[{"href":"https:\/\/siamingenieria.com\/wpf\/wp-json\/wp\/v2\/media?parent=3536"}],"curies":[{"name":"wp","href":"https:\/\/api.w.org\/{rel}","templated":true}]}}