{"id":3461,"date":"2025-12-01T22:11:47","date_gmt":"2025-12-01T22:11:47","guid":{"rendered":"https:\/\/siamingenieria.com\/wpf\/?page_id=3461"},"modified":"2026-01-26T20:08:28","modified_gmt":"2026-01-26T20:08:28","slug":"ruido","status":"publish","type":"page","link":"https:\/\/siamingenieria.com\/wpf\/servicios\/ruido\/","title":{"rendered":"Ruido"},"content":{"rendered":"\t\t<div data-elementor-type=\"wp-page\" data-elementor-id=\"3461\" class=\"elementor elementor-3461\" data-elementor-post-type=\"page\">\n\t\t\t\t\t\t<section class=\"elementor-section elementor-top-section elementor-element elementor-element-0f65e61 elementor-section-full_width elementor-section-height-default elementor-section-height-default\" data-id=\"0f65e61\" data-element_type=\"section\" data-e-type=\"section\">\n\t\t\t\t\t\t<div class=\"elementor-container elementor-column-gap-no\">\n\t\t\t\t\t<div class=\"elementor-column elementor-col-100 elementor-top-column elementor-element elementor-element-6748d0f\" data-id=\"6748d0f\" data-element_type=\"column\" data-e-type=\"column\">\n\t\t\t<div class=\"elementor-widget-wrap elementor-element-populated\">\n\t\t\t\t\t\t<div class=\"elementor-element elementor-element-f8a2e74 elementor-widget elementor-widget-go-single-service\" data-id=\"f8a2e74\" data-element_type=\"widget\" data-e-type=\"widget\" data-widget_type=\"go-single-service.default\">\n\t\t\t\t<div class=\"elementor-widget-container\">\n\t\t\t\t\t<div class=\"egx-services-details-area\">\n\n    \n    <div class=\"container egx-container-2\">\n        <div class=\"top-wrap\">\n            <a href=\"https:\/\/siamingenieria.com\/wpf\/servicios\/\" class=\"breadcrumb\">\n                <span class=\"icon\">\n                    <i class=\"fa-solid fa-angle-left\"><\/i>\n                <\/span>\n                <span class=\"text\">Regresar a Servicios<\/span>\n            <\/a>\n                            <div class=\"title-wrap\">\n                    <h1 class=\"hero-title egx-heading-1 egx-split-text split-in-right\">Ruido Ambiental y Emisi\u00f3n de Ruido<\/h1>\n                <\/div>\n                    <\/div>\n    <\/div>\n            <div class=\"thumbnails-1\">\n            <div class=\"img-cover image-pllx\">\n                <img decoding=\"async\" src=\"https:\/\/siamingenieria.com\/wpf\/wp-content\/uploads\/Ruido-Principal-siam-1.jpg\" alt=\"\">\n            <\/div>\n        <\/div>\n    <\/div>\t\t\t\t<\/div>\n\t\t\t\t<\/div>\n\t\t\t\t\t<\/div>\n\t\t<\/div>\n\t\t\t\t\t<\/div>\n\t\t<\/section>\n\t\t<div class=\"elementor-element elementor-element-57544cf e-flex e-con-boxed e-con e-parent\" data-id=\"57544cf\" data-element_type=\"container\" data-e-type=\"container\">\n\t\t\t\t\t<div class=\"e-con-inner\">\n\t\t<div class=\"elementor-element elementor-element-8b0c70d e-con-full e-flex e-con e-child\" data-id=\"8b0c70d\" data-element_type=\"container\" data-e-type=\"container\">\n\t\t\t\t<div class=\"elementor-element elementor-element-2f3545e elementor-widget elementor-widget-heading\" data-id=\"2f3545e\" data-element_type=\"widget\" data-e-type=\"widget\" data-widget_type=\"heading.default\">\n\t\t\t\t\t<h2 class=\"elementor-heading-title elementor-size-default\">Las mediciones de Ruido Ambiental y Emisi\u00f3n de Ruido industrial se fundamentan en la normativa Colombiana aplicable Resoluci\u00f3n 627 del 2006, la cual comprende los niveles m\u00e1ximos permisibles (por sector y actividad), procedimientos de medici\u00f3n, ajustes K correspondientes y dem\u00e1s lineamientos atribuidos a estudios ambientales de Ruido. El Protocolo para medir la Emisi\u00f3n de Ruido Generado por Fuentes Fijas emitido por la Universidad de Medell\u00edn es otro lineamiento que SIAM Ingenier\u00eda SAS contempla en sus procedimientos internos para asegurar la calidad de los estudios de Emisi\u00f3n de Ruido ambiental.<\/h2>\t\t\t\t<\/div>\n\t\t\t\t<div class=\"elementor-element elementor-element-a35d520 elementor-widget elementor-widget-heading\" data-id=\"a35d520\" data-element_type=\"widget\" data-e-type=\"widget\" data-widget_type=\"heading.default\">\n\t\t\t\t\t<h5 class=\"elementor-heading-title elementor-size-default\">Servicios: <\/h5>\t\t\t\t<\/div>\n\t\t\t\t<div class=\"elementor-element elementor-element-67c798c elementor-icon-list--layout-traditional elementor-list-item-link-full_width elementor-widget elementor-widget-icon-list\" data-id=\"67c798c\" data-element_type=\"widget\" data-e-type=\"widget\" data-widget_type=\"icon-list.default\">\n\t\t\t\t\t\t\t<ul class=\"elementor-icon-list-items\">\n\t\t\t\t\t\t\t<li class=\"elementor-icon-list-item\">\n\t\t\t\t\t\t\t\t\t\t\t<span class=\"elementor-icon-list-icon\">\n\t\t\t\t\t\t\t<i aria-hidden=\"true\" class=\"fas fa-circle\"><\/i>\t\t\t\t\t\t<\/span>\n\t\t\t\t\t\t\t\t\t\t<span class=\"elementor-icon-list-text\">MEDICI\u00d3N DE RUIDO AMBIENTAL<\/span>\n\t\t\t\t\t\t\t\t\t<\/li>\n\t\t\t\t\t\t<\/ul>\n\t\t\t\t\t\t<\/div>\n\t\t\t\t<div class=\"elementor-element elementor-element-3780b7e elementor-widget elementor-widget-text-editor\" data-id=\"3780b7e\" data-element_type=\"widget\" data-e-type=\"widget\" data-widget_type=\"text-editor.default\">\n\t\t\t\t\t\t\t\t\tJornadas Diurna y Nocturna para D\u00edas Ordinarios y Dominicales.\t\t\t\t\t\t\t\t<\/div>\n\t\t\t\t<div class=\"elementor-element elementor-element-74ff89c elementor-icon-list--layout-traditional elementor-list-item-link-full_width elementor-widget elementor-widget-icon-list\" data-id=\"74ff89c\" data-element_type=\"widget\" data-e-type=\"widget\" data-widget_type=\"icon-list.default\">\n\t\t\t\t\t\t\t<ul class=\"elementor-icon-list-items\">\n\t\t\t\t\t\t\t<li class=\"elementor-icon-list-item\">\n\t\t\t\t\t\t\t\t\t\t\t<span class=\"elementor-icon-list-icon\">\n\t\t\t\t\t\t\t<i aria-hidden=\"true\" class=\"fas fa-circle\"><\/i>\t\t\t\t\t\t<\/span>\n\t\t\t\t\t\t\t\t\t\t<span class=\"elementor-icon-list-text\">PROCEDIMIENTO PARA EMISI\u00d3N DE RUIDO<\/span>\n\t\t\t\t\t\t\t\t\t<\/li>\n\t\t\t\t\t\t<\/ul>\n\t\t\t\t\t\t<\/div>\n\t\t\t\t<div class=\"elementor-element elementor-element-71101a8 elementor-widget elementor-widget-text-editor\" data-id=\"71101a8\" data-element_type=\"widget\" data-e-type=\"widget\" data-widget_type=\"text-editor.default\">\n\t\t\t\t\t\t\t\t\tEvaluaci\u00f3n de las Fuentes Encendidas y Apagadas.\t\t\t\t\t\t\t\t<\/div>\n\t\t\t\t<div class=\"elementor-element elementor-element-eca3eb4 elementor-icon-list--layout-traditional elementor-list-item-link-full_width elementor-widget elementor-widget-icon-list\" data-id=\"eca3eb4\" data-element_type=\"widget\" data-e-type=\"widget\" data-widget_type=\"icon-list.default\">\n\t\t\t\t\t\t\t<ul class=\"elementor-icon-list-items\">\n\t\t\t\t\t\t\t<li class=\"elementor-icon-list-item\">\n\t\t\t\t\t\t\t\t\t\t\t<span class=\"elementor-icon-list-icon\">\n\t\t\t\t\t\t\t<i aria-hidden=\"true\" class=\"fas fa-circle\"><\/i>\t\t\t\t\t\t<\/span>\n\t\t\t\t\t\t\t\t\t\t<span class=\"elementor-icon-list-text\">DIAGN\u00d3STICOS DE RUIDO<\/span>\n\t\t\t\t\t\t\t\t\t<\/li>\n\t\t\t\t\t\t<\/ul>\n\t\t\t\t\t\t<\/div>\n\t\t\t\t<div class=\"elementor-element elementor-element-3df0214 elementor-widget elementor-widget-text-editor\" data-id=\"3df0214\" data-element_type=\"widget\" data-e-type=\"widget\" data-widget_type=\"text-editor.default\">\n\t\t\t\t\t\t\t\t\tEstudios Ocupacionales y de Inmisi\u00f3n.\t\t\t\t\t\t\t\t<\/div>\n\t\t\t\t<div class=\"elementor-element elementor-element-2c4b61e elementor-icon-list--layout-traditional elementor-list-item-link-full_width elementor-widget elementor-widget-icon-list\" data-id=\"2c4b61e\" data-element_type=\"widget\" data-e-type=\"widget\" data-widget_type=\"icon-list.default\">\n\t\t\t\t\t\t\t<ul class=\"elementor-icon-list-items\">\n\t\t\t\t\t\t\t<li class=\"elementor-icon-list-item\">\n\t\t\t\t\t\t\t\t\t\t\t<span class=\"elementor-icon-list-icon\">\n\t\t\t\t\t\t\t<i aria-hidden=\"true\" class=\"fas fa-circle\"><\/i>\t\t\t\t\t\t<\/span>\n\t\t\t\t\t\t\t\t\t\t<span class=\"elementor-icon-list-text\">AFOROS VEHICULARES<\/span>\n\t\t\t\t\t\t\t\t\t<\/li>\n\t\t\t\t\t\t<\/ul>\n\t\t\t\t\t\t<\/div>\n\t\t\t\t<div class=\"elementor-element elementor-element-5da1d13 elementor-widget elementor-widget-text-editor\" data-id=\"5da1d13\" data-element_type=\"widget\" data-e-type=\"widget\" data-widget_type=\"text-editor.default\">\n\t\t\t\t\t\t\t\t\tConteos hasta por 24 horas en D\u00edas Ordinarios y Dominicales.\t\t\t\t\t\t\t\t<\/div>\n\t\t\t\t<div class=\"elementor-element elementor-element-bbf0646 elementor-widget elementor-widget-heading\" data-id=\"bbf0646\" data-element_type=\"widget\" data-e-type=\"widget\" data-widget_type=\"heading.default\">\n\t\t\t\t\t<h2 class=\"elementor-heading-title elementor-size-default\">Podr\u00e1s lograr con nosotros\u2026.<\/h2>\t\t\t\t<\/div>\n\t\t\t\t<div class=\"elementor-element elementor-element-3e6c304 elementor-widget elementor-widget-heading\" data-id=\"3e6c304\" data-element_type=\"widget\" data-e-type=\"widget\" data-widget_type=\"heading.default\">\n\t\t\t\t\t<h2 class=\"elementor-heading-title elementor-size-default\">M\u00e1s de 100 proyectos trabajados en todo Colombia con una satisfacci\u00f3n del 99,9% de nuestros clientes.<\/h2>\t\t\t\t<\/div>\n\t\t\t\t<div class=\"elementor-element elementor-element-3d43a20 elementor-widget elementor-widget-ft-btn-one\" data-id=\"3d43a20\" data-element_type=\"widget\" data-e-type=\"widget\" data-widget_type=\"ft-btn-one.default\">\n\t\t\t\t<div class=\"elementor-widget-container\">\n\t\t\t\t\t<div class=\"prthalign\">\n    <a href=\"https:\/\/siamingenieria.com\/wpf\/wp-content\/uploads\/Portafolio-SIAM.pdf\" target=\"_blank\" rel=\"nofollow\" class=\"egx-btn-2 hover-black-btn\">\n        <span class=\"btn-text\">Descarga portafolio<\/span>\n        <span class=\"btn-icon\">\n            <i class=\"fa-solid fa-arrow-right\"><\/i>\n        <\/span>\n    <\/a>\n<\/div>\n\t\t\t\t<\/div>\n\t\t\t\t<\/div>\n\t\t\t\t<\/div>\n\t\t\t\t\t<\/div>\n\t\t\t\t<\/div>\n\t\t<div class=\"elementor-element elementor-element-bbca644 e-flex e-con-boxed e-con e-parent\" data-id=\"bbca644\" data-element_type=\"container\" data-e-type=\"container\">\n\t\t\t\t\t<div class=\"e-con-inner\">\n\t\t<div class=\"elementor-element elementor-element-a863e45 e-con-full e-flex e-con e-child\" data-id=\"a863e45\" data-element_type=\"container\" data-e-type=\"container\">\n\t\t\t\t<div class=\"elementor-element elementor-element-a1431f6 elementor-widget elementor-widget-heading\" data-id=\"a1431f6\" data-element_type=\"widget\" data-e-type=\"widget\" data-widget_type=\"heading.default\">\n\t\t\t\t\t<h2 class=\"elementor-heading-title elementor-size-default\">Galer\u00eda<\/h2>\t\t\t\t<\/div>\n\t\t\t\t<div class=\"elementor-element elementor-element-86b55b9 elementor-widget elementor-widget-gallery\" data-id=\"86b55b9\" data-element_type=\"widget\" data-e-type=\"widget\" data-settings=\"{&quot;gallery_layout&quot;:&quot;masonry&quot;,&quot;columns&quot;:2,&quot;lazyload&quot;:&quot;yes&quot;,&quot;columns_tablet&quot;:2,&quot;columns_mobile&quot;:1,&quot;gap&quot;:{&quot;unit&quot;:&quot;px&quot;,&quot;size&quot;:10,&quot;sizes&quot;:[]},&quot;gap_tablet&quot;:{&quot;unit&quot;:&quot;px&quot;,&quot;size&quot;:10,&quot;sizes&quot;:[]},&quot;gap_mobile&quot;:{&quot;unit&quot;:&quot;px&quot;,&quot;size&quot;:10,&quot;sizes&quot;:[]},&quot;link_to&quot;:&quot;file&quot;,&quot;overlay_background&quot;:&quot;yes&quot;,&quot;content_hover_animation&quot;:&quot;fade-in&quot;}\" data-widget_type=\"gallery.default\">\n\t\t\t\t\t\t\t<div class=\"elementor-gallery__container\">\n\t\t\t\t\t\t\t<a class=\"e-gallery-item elementor-gallery-item elementor-animated-content\" href=\"https:\/\/siamingenieria.com\/wpf\/wp-content\/uploads\/Ruido-Principal-siam-5.jpg\" data-elementor-open-lightbox=\"yes\" data-elementor-lightbox-slideshow=\"86b55b9\" data-elementor-lightbox-title=\"Ruido-Principal-siam-5\" data-e-action-hash=\"#elementor-action%3Aaction%3Dlightbox%26settings%3DeyJpZCI6MzgwNSwidXJsIjoiaHR0cHM6XC9cL3NpYW1pbmdlbmllcmlhLmNvbVwvd3BmXC93cC1jb250ZW50XC91cGxvYWRzXC9SdWlkby1QcmluY2lwYWwtc2lhbS01LmpwZyIsInNsaWRlc2hvdyI6Ijg2YjU1YjkifQ%3D%3D\">\n\t\t\t\t\t<div class=\"e-gallery-image elementor-gallery-item__image\" data-thumbnail=\"https:\/\/siamingenieria.com\/wpf\/wp-content\/uploads\/Ruido-Principal-siam-5.jpg\" data-width=\"1600\" data-height=\"1200\" aria-label=\"\" role=\"img\" ><\/div>\n\t\t\t\t\t\t\t\t\t\t\t<div class=\"elementor-gallery-item__overlay\"><\/div>\n\t\t\t\t\t\t\t\t\t\t\t\t\t\t<\/a>\n\t\t\t\t\t\t\t<a class=\"e-gallery-item elementor-gallery-item elementor-animated-content\" href=\"https:\/\/siamingenieria.com\/wpf\/wp-content\/uploads\/Ruido-Principal-siam-4.jpg\" data-elementor-open-lightbox=\"yes\" data-elementor-lightbox-slideshow=\"86b55b9\" data-elementor-lightbox-title=\"Ruido-Principal-siam-4\" data-e-action-hash=\"#elementor-action%3Aaction%3Dlightbox%26settings%3DeyJpZCI6MzgwNiwidXJsIjoiaHR0cHM6XC9cL3NpYW1pbmdlbmllcmlhLmNvbVwvd3BmXC93cC1jb250ZW50XC91cGxvYWRzXC9SdWlkby1QcmluY2lwYWwtc2lhbS00LmpwZyIsInNsaWRlc2hvdyI6Ijg2YjU1YjkifQ%3D%3D\">\n\t\t\t\t\t<div class=\"e-gallery-image elementor-gallery-item__image\" data-thumbnail=\"https:\/\/siamingenieria.com\/wpf\/wp-content\/uploads\/Ruido-Principal-siam-4.jpg\" data-width=\"1600\" data-height=\"1200\" aria-label=\"\" role=\"img\" ><\/div>\n\t\t\t\t\t\t\t\t\t\t\t<div class=\"elementor-gallery-item__overlay\"><\/div>\n\t\t\t\t\t\t\t\t\t\t\t\t\t\t<\/a>\n\t\t\t\t\t\t\t<a class=\"e-gallery-item elementor-gallery-item elementor-animated-content\" href=\"https:\/\/siamingenieria.com\/wpf\/wp-content\/uploads\/Ruido-Principal-siam-3.jpg\" data-elementor-open-lightbox=\"yes\" data-elementor-lightbox-slideshow=\"86b55b9\" data-elementor-lightbox-title=\"Ruido-Principal-siam-3\" data-e-action-hash=\"#elementor-action%3Aaction%3Dlightbox%26settings%3DeyJpZCI6MzgwNywidXJsIjoiaHR0cHM6XC9cL3NpYW1pbmdlbmllcmlhLmNvbVwvd3BmXC93cC1jb250ZW50XC91cGxvYWRzXC9SdWlkby1QcmluY2lwYWwtc2lhbS0zLmpwZyIsInNsaWRlc2hvdyI6Ijg2YjU1YjkifQ%3D%3D\">\n\t\t\t\t\t<div class=\"e-gallery-image elementor-gallery-item__image\" data-thumbnail=\"https:\/\/siamingenieria.com\/wpf\/wp-content\/uploads\/Ruido-Principal-siam-3.jpg\" data-width=\"1600\" data-height=\"1200\" aria-label=\"\" role=\"img\" ><\/div>\n\t\t\t\t\t\t\t\t\t\t\t<div class=\"elementor-gallery-item__overlay\"><\/div>\n\t\t\t\t\t\t\t\t\t\t\t\t\t\t<\/a>\n\t\t\t\t\t\t\t<a class=\"e-gallery-item elementor-gallery-item elementor-animated-content\" href=\"https:\/\/siamingenieria.com\/wpf\/wp-content\/uploads\/Ruido-Principal-siam-2.jpg\" data-elementor-open-lightbox=\"yes\" data-elementor-lightbox-slideshow=\"86b55b9\" data-elementor-lightbox-title=\"Ruido-Principal-siam-2\" data-e-action-hash=\"#elementor-action%3Aaction%3Dlightbox%26settings%3DeyJpZCI6MzgwOCwidXJsIjoiaHR0cHM6XC9cL3NpYW1pbmdlbmllcmlhLmNvbVwvd3BmXC93cC1jb250ZW50XC91cGxvYWRzXC9SdWlkby1QcmluY2lwYWwtc2lhbS0yLmpwZyIsInNsaWRlc2hvdyI6Ijg2YjU1YjkifQ%3D%3D\">\n\t\t\t\t\t<div class=\"e-gallery-image elementor-gallery-item__image\" data-thumbnail=\"https:\/\/siamingenieria.com\/wpf\/wp-content\/uploads\/Ruido-Principal-siam-2.jpg\" data-width=\"1600\" data-height=\"1200\" aria-label=\"\" role=\"img\" ><\/div>\n\t\t\t\t\t\t\t\t\t\t\t<div class=\"elementor-gallery-item__overlay\"><\/div>\n\t\t\t\t\t\t\t\t\t\t\t\t\t\t<\/a>\n\t\t\t\t\t<\/div>\n\t\t\t\t\t<\/div>\n\t\t\t\t<\/div>\n\t\t\t\t\t<\/div>\n\t\t\t\t<\/div>\n\t\t\t\t<\/div>\n\t\t","protected":false},"excerpt":{"rendered":"<p>Regresar a Servicios Ruido Ambiental y Emisi\u00f3n de Ruido Las mediciones de Ruido Ambiental y Emisi\u00f3n de Ruido industrial se fundamentan en la normativa Colombiana aplicable Resoluci\u00f3n 627 del 2006, la cual comprende los niveles m\u00e1ximos permisibles (por sector y actividad), procedimientos de medici\u00f3n, ajustes K correspondientes y dem\u00e1s lineamientos atribuidos a estudios ambientales de [&hellip;]<\/p>\n","protected":false},"author":1,"featured_media":0,"parent":14,"menu_order":0,"comment_status":"closed","ping_status":"closed","template":"elementor_header_footer","meta":{"_joinchat":[],"footnotes":""},"class_list":["post-3461","page","type-page","status-publish","hentry"],"_links":{"self":[{"href":"https:\/\/siamingenieria.com\/wpf\/wp-json\/wp\/v2\/pages\/3461","targetHints":{"allow":["GET"]}}],"collection":[{"href":"https:\/\/siamingenieria.com\/wpf\/wp-json\/wp\/v2\/pages"}],"about":[{"href":"https:\/\/siamingenieria.com\/wpf\/wp-json\/wp\/v2\/types\/page"}],"author":[{"embeddable":true,"href":"https:\/\/siamingenieria.com\/wpf\/wp-json\/wp\/v2\/users\/1"}],"replies":[{"embeddable":true,"href":"https:\/\/siamingenieria.com\/wpf\/wp-json\/wp\/v2\/comments?post=3461"}],"version-history":[{"count":28,"href":"https:\/\/siamingenieria.com\/wpf\/wp-json\/wp\/v2\/pages\/3461\/revisions"}],"predecessor-version":[{"id":3816,"href":"https:\/\/siamingenieria.com\/wpf\/wp-json\/wp\/v2\/pages\/3461\/revisions\/3816"}],"up":[{"embeddable":true,"href":"https:\/\/siamingenieria.com\/wpf\/wp-json\/wp\/v2\/pages\/14"}],"wp:attachment":[{"href":"https:\/\/siamingenieria.com\/wpf\/wp-json\/wp\/v2\/media?parent=3461"}],"curies":[{"name":"wp","href":"https:\/\/api.w.org\/{rel}","templated":true}]}}