{"id":3426,"date":"2025-12-01T21:44:34","date_gmt":"2025-12-01T21:44:34","guid":{"rendered":"https:\/\/siamingenieria.com\/wpf\/?page_id=3426"},"modified":"2026-02-12T16:54:12","modified_gmt":"2026-02-12T16:54:12","slug":"ruido-ambiental-y-emision-de-ruido","status":"publish","type":"page","link":"https:\/\/siamingenieria.com\/wpf\/casos-e-industrias\/ruido-ambiental-y-emision-de-ruido\/","title":{"rendered":"Ruido ambiental y Emision de Ruido"},"content":{"rendered":"\t\t<div data-elementor-type=\"wp-page\" data-elementor-id=\"3426\" class=\"elementor elementor-3426\" data-elementor-post-type=\"page\">\n\t\t\t\t<div class=\"elementor-element elementor-element-4894bf4 e-flex e-con-boxed e-con e-parent\" data-id=\"4894bf4\" data-element_type=\"container\" data-e-type=\"container\">\n\t\t\t\t\t<div class=\"e-con-inner\">\n\t\t<div class=\"elementor-element elementor-element-cafe833 e-con-full e-flex e-con e-child\" data-id=\"cafe833\" data-element_type=\"container\" data-e-type=\"container\">\n\t\t\t\t<div class=\"elementor-element elementor-element-8a30a21 elementor-widget elementor-widget-button\" data-id=\"8a30a21\" data-element_type=\"widget\" data-e-type=\"widget\" data-widget_type=\"button.default\">\n\t\t\t\t\t\t\t\t\t\t<a class=\"elementor-button elementor-button-link elementor-size-sm\" href=\"https:\/\/siamingenieria.com\/wpf\/casos-e-industrias\/\">\n\t\t\t\t\t\t<span class=\"elementor-button-content-wrapper\">\n\t\t\t\t\t\t<span class=\"elementor-button-icon\">\n\t\t\t\t<i aria-hidden=\"true\" class=\"fas fa-angle-left\"><\/i>\t\t\t<\/span>\n\t\t\t\t\t\t\t\t\t<span class=\"elementor-button-text\">Regresar a Casos e Industrias<\/span>\n\t\t\t\t\t<\/span>\n\t\t\t\t\t<\/a>\n\t\t\t\t\t\t\t\t<\/div>\n\t\t\t\t<div class=\"elementor-element elementor-element-8e81b87 elementor-widget elementor-widget-go-s-heading\" data-id=\"8e81b87\" data-element_type=\"widget\" data-e-type=\"widget\" data-widget_type=\"go-s-heading.default\">\n\t\t\t\t<div class=\"elementor-widget-container\">\n\t\t\t\t\t<div class=\"prthalign\">\n        <h1 class=\"elementor-gt-heading egx-section-title-1 egx-split-text split-in-right\">Ruido ambiental y Emision de Ruido<\/h1>    <\/div>\n\t\t\t\t<\/div>\n\t\t\t\t<\/div>\n\t\t\t\t<div class=\"elementor-element elementor-element-3ac4831 elementor-widget elementor-widget-text-editor\" data-id=\"3ac4831\" data-element_type=\"widget\" data-e-type=\"widget\" data-widget_type=\"text-editor.default\">\n\t\t\t\t\t\t\t\t\tMediciones de Ruido ambiental en el \u00e1rea de influencia de un proyecto de generaci\u00f3n de energ\u00eda fotovoltaica.\t\t\t\t\t\t\t\t<\/div>\n\t\t\t\t<\/div>\n\t\t\t\t\t<\/div>\n\t\t\t\t<\/div>\n\t\t<div class=\"elementor-element elementor-element-111a2f3 e-flex e-con-boxed e-con e-parent\" data-id=\"111a2f3\" data-element_type=\"container\" data-e-type=\"container\">\n\t\t\t\t\t<div class=\"e-con-inner\">\n\t\t<div class=\"elementor-element elementor-element-7cd2330 e-con-full e-flex e-con e-child\" data-id=\"7cd2330\" data-element_type=\"container\" data-e-type=\"container\">\n\t\t\t\t<div class=\"elementor-element elementor-element-12b9c0f elementor-widget elementor-widget-image\" data-id=\"12b9c0f\" data-element_type=\"widget\" data-e-type=\"widget\" data-widget_type=\"image.default\">\n\t\t\t\t\t\t\t\t\t\t\t\t\t\t\t<img fetchpriority=\"high\" decoding=\"async\" width=\"1600\" height=\"1200\" src=\"https:\/\/siamingenieria.com\/wpf\/wp-content\/uploads\/Ruido-Principal-siam-5.jpg\" class=\"attachment-full size-full wp-image-3805\" alt=\"\" srcset=\"https:\/\/siamingenieria.com\/wpf\/wp-content\/uploads\/Ruido-Principal-siam-5.jpg 1600w, https:\/\/siamingenieria.com\/wpf\/wp-content\/uploads\/Ruido-Principal-siam-5-300x225.jpg 300w, https:\/\/siamingenieria.com\/wpf\/wp-content\/uploads\/Ruido-Principal-siam-5-1024x768.jpg 1024w, https:\/\/siamingenieria.com\/wpf\/wp-content\/uploads\/Ruido-Principal-siam-5-150x113.jpg 150w, https:\/\/siamingenieria.com\/wpf\/wp-content\/uploads\/Ruido-Principal-siam-5-768x576.jpg 768w, https:\/\/siamingenieria.com\/wpf\/wp-content\/uploads\/Ruido-Principal-siam-5-1536x1152.jpg 1536w\" sizes=\"(max-width: 1600px) 100vw, 1600px\" \/>\t\t\t\t\t\t\t\t\t\t\t\t\t\t\t<\/div>\n\t\t\t\t<\/div>\n\t\t\t\t\t<\/div>\n\t\t\t\t<\/div>\n\t\t<div class=\"elementor-element elementor-element-d6cc469 e-flex e-con-boxed e-con e-parent\" data-id=\"d6cc469\" data-element_type=\"container\" data-e-type=\"container\">\n\t\t\t\t\t<div class=\"e-con-inner\">\n\t\t<div class=\"elementor-element elementor-element-7e3fe03 e-con-full e-flex e-con e-child\" data-id=\"7e3fe03\" data-element_type=\"container\" data-e-type=\"container\">\n\t\t\t\t<div class=\"elementor-element elementor-element-bbd9c22 elementor-widget elementor-widget-heading\" data-id=\"bbd9c22\" data-element_type=\"widget\" data-e-type=\"widget\" data-widget_type=\"heading.default\">\n\t\t\t\t\t<h4 class=\"elementor-heading-title elementor-size-default\">Problema del cliente<\/h4>\t\t\t\t<\/div>\n\t\t\t\t<div class=\"elementor-element elementor-element-b211312 elementor-widget elementor-widget-text-editor\" data-id=\"b211312\" data-element_type=\"widget\" data-e-type=\"widget\" data-widget_type=\"text-editor.default\">\n\t\t\t\t\t\t\t\t\tEl cliente requiere un laboratorio con acreditaci\u00f3n vigente y soporte t\u00e9cnico especializado para realizar la evaluaci\u00f3n de los niveles de ruido ambiental asociados al desarrollo del proyecto.\t\t\t\t\t\t\t\t<\/div>\n\t\t\t\t<div class=\"elementor-element elementor-element-bef15e7 elementor-widget elementor-widget-heading\" data-id=\"bef15e7\" data-element_type=\"widget\" data-e-type=\"widget\" data-widget_type=\"heading.default\">\n\t\t\t\t\t<h4 class=\"elementor-heading-title elementor-size-default\">Soluci\u00f3n<\/h4>\t\t\t\t<\/div>\n\t\t\t\t<div class=\"elementor-element elementor-element-0a472c9 elementor-widget elementor-widget-text-editor\" data-id=\"0a472c9\" data-element_type=\"widget\" data-e-type=\"widget\" data-widget_type=\"text-editor.default\">\n\t\t\t\t\t\t\t\t\tSe brinda asesor\u00eda t\u00e9cnica y acompa\u00f1amiento especializado para la planeaci\u00f3n, ejecuci\u00f3n y an\u00e1lisis de los monitoreos de ruido ambiental, garantizando el cumplimiento de las normas vigentes y la representatividad de los resultados obtenidos.\t\t\t\t\t\t\t\t<\/div>\n\t\t\t\t<div class=\"elementor-element elementor-element-45d777c elementor-widget elementor-widget-heading\" data-id=\"45d777c\" data-element_type=\"widget\" data-e-type=\"widget\" data-widget_type=\"heading.default\">\n\t\t\t\t\t<h4 class=\"elementor-heading-title elementor-size-default\">Beneficios<\/h4>\t\t\t\t<\/div>\n\t\t\t\t<div class=\"elementor-element elementor-element-3be9cbc elementor-icon-list--layout-traditional elementor-list-item-link-full_width elementor-widget elementor-widget-icon-list\" data-id=\"3be9cbc\" data-element_type=\"widget\" data-e-type=\"widget\" data-widget_type=\"icon-list.default\">\n\t\t\t\t\t\t\t<ul class=\"elementor-icon-list-items\">\n\t\t\t\t\t\t\t<li class=\"elementor-icon-list-item\">\n\t\t\t\t\t\t\t\t\t\t\t<span class=\"elementor-icon-list-icon\">\n\t\t\t\t\t\t\t<i aria-hidden=\"true\" class=\"fas fa-circle\"><\/i>\t\t\t\t\t\t<\/span>\n\t\t\t\t\t\t\t\t\t\t<span class=\"elementor-icon-list-text\">Ejecuci\u00f3n de los monitoreos en corto tiempo y con equipos certificados.<\/span>\n\t\t\t\t\t\t\t\t\t<\/li>\n\t\t\t\t\t\t\t\t<li class=\"elementor-icon-list-item\">\n\t\t\t\t\t\t\t\t\t\t\t<span class=\"elementor-icon-list-icon\">\n\t\t\t\t\t\t\t<i aria-hidden=\"true\" class=\"fas fa-circle\"><\/i>\t\t\t\t\t\t<\/span>\n\t\t\t\t\t\t\t\t\t\t<span class=\"elementor-icon-list-text\">Cumplimiento de las especificaciones t\u00e9cnicas y normativas aplicables.<\/span>\n\t\t\t\t\t\t\t\t\t<\/li>\n\t\t\t\t\t\t\t\t<li class=\"elementor-icon-list-item\">\n\t\t\t\t\t\t\t\t\t\t\t<span class=\"elementor-icon-list-icon\">\n\t\t\t\t\t\t\t<i aria-hidden=\"true\" class=\"fas fa-circle\"><\/i>\t\t\t\t\t\t<\/span>\n\t\t\t\t\t\t\t\t\t\t<span class=\"elementor-icon-list-text\">Soporte t\u00e9cnico confiable que contribuye a la adecuada gesti\u00f3n ambiental del proyecto.<\/span>\n\t\t\t\t\t\t\t\t\t<\/li>\n\t\t\t\t\t\t<\/ul>\n\t\t\t\t\t\t<\/div>\n\t\t\t\t<\/div>\n\t\t\t\t\t<\/div>\n\t\t\t\t<\/div>\n\t\t<div class=\"elementor-element elementor-element-8ddda82 e-flex e-con-boxed e-con e-parent\" data-id=\"8ddda82\" data-element_type=\"container\" data-e-type=\"container\">\n\t\t\t\t\t<div class=\"e-con-inner\">\n\t\t<div class=\"elementor-element elementor-element-aee3750 e-con-full e-flex e-con e-child\" data-id=\"aee3750\" data-element_type=\"container\" data-e-type=\"container\">\n\t\t\t\t<div class=\"elementor-element elementor-element-e8ce699 elementor-widget elementor-widget-heading\" data-id=\"e8ce699\" data-element_type=\"widget\" data-e-type=\"widget\" data-widget_type=\"heading.default\">\n\t\t\t\t\t<h2 class=\"elementor-heading-title elementor-size-default\">Galer\u00eda<\/h2>\t\t\t\t<\/div>\n\t\t\t\t<div class=\"elementor-element elementor-element-8c1d49b elementor-widget elementor-widget-gallery\" data-id=\"8c1d49b\" data-element_type=\"widget\" data-e-type=\"widget\" data-settings=\"{&quot;gallery_layout&quot;:&quot;masonry&quot;,&quot;columns&quot;:2,&quot;lazyload&quot;:&quot;yes&quot;,&quot;columns_tablet&quot;:2,&quot;columns_mobile&quot;:1,&quot;gap&quot;:{&quot;unit&quot;:&quot;px&quot;,&quot;size&quot;:10,&quot;sizes&quot;:[]},&quot;gap_tablet&quot;:{&quot;unit&quot;:&quot;px&quot;,&quot;size&quot;:10,&quot;sizes&quot;:[]},&quot;gap_mobile&quot;:{&quot;unit&quot;:&quot;px&quot;,&quot;size&quot;:10,&quot;sizes&quot;:[]},&quot;link_to&quot;:&quot;file&quot;,&quot;overlay_background&quot;:&quot;yes&quot;,&quot;content_hover_animation&quot;:&quot;fade-in&quot;}\" data-widget_type=\"gallery.default\">\n\t\t\t\t\t\t\t<div class=\"elementor-gallery__container\">\n\t\t\t\t\t\t\t<a class=\"e-gallery-item elementor-gallery-item elementor-animated-content\" href=\"https:\/\/siamingenieria.com\/wpf\/wp-content\/uploads\/GALERIA-RUIDO-3-1.jpg\" data-elementor-open-lightbox=\"yes\" data-elementor-lightbox-slideshow=\"8c1d49b\" data-elementor-lightbox-title=\"GALERIA RUIDO 3\" data-e-action-hash=\"#elementor-action%3Aaction%3Dlightbox%26settings%3DeyJpZCI6MzkzMiwidXJsIjoiaHR0cHM6XC9cL3NpYW1pbmdlbmllcmlhLmNvbVwvd3BmXC93cC1jb250ZW50XC91cGxvYWRzXC9HQUxFUklBLVJVSURPLTMtMS5qcGciLCJzbGlkZXNob3ciOiI4YzFkNDliIn0%3D\">\n\t\t\t\t\t<div class=\"e-gallery-image elementor-gallery-item__image\" data-thumbnail=\"https:\/\/siamingenieria.com\/wpf\/wp-content\/uploads\/GALERIA-RUIDO-3-1.jpg\" data-width=\"1600\" data-height=\"1200\" aria-label=\"\" role=\"img\" ><\/div>\n\t\t\t\t\t\t\t\t\t\t\t<div class=\"elementor-gallery-item__overlay\"><\/div>\n\t\t\t\t\t\t\t\t\t\t\t\t\t\t<\/a>\n\t\t\t\t\t\t\t<a class=\"e-gallery-item elementor-gallery-item elementor-animated-content\" href=\"https:\/\/siamingenieria.com\/wpf\/wp-content\/uploads\/IMG-20251203-WA0036-1.jpg\" data-elementor-open-lightbox=\"yes\" data-elementor-lightbox-slideshow=\"8c1d49b\" data-elementor-lightbox-title=\"IMG-20251203-WA0036\" data-e-action-hash=\"#elementor-action%3Aaction%3Dlightbox%26settings%3DeyJpZCI6MzkyMSwidXJsIjoiaHR0cHM6XC9cL3NpYW1pbmdlbmllcmlhLmNvbVwvd3BmXC93cC1jb250ZW50XC91cGxvYWRzXC9JTUctMjAyNTEyMDMtV0EwMDM2LTEuanBnIiwic2xpZGVzaG93IjoiOGMxZDQ5YiJ9\">\n\t\t\t\t\t<div class=\"e-gallery-image elementor-gallery-item__image\" data-thumbnail=\"https:\/\/siamingenieria.com\/wpf\/wp-content\/uploads\/IMG-20251203-WA0036-1.jpg\" data-width=\"4320\" data-height=\"2424\" aria-label=\"\" role=\"img\" ><\/div>\n\t\t\t\t\t\t\t\t\t\t\t<div class=\"elementor-gallery-item__overlay\"><\/div>\n\t\t\t\t\t\t\t\t\t\t\t\t\t\t<\/a>\n\t\t\t\t\t\t\t<a class=\"e-gallery-item elementor-gallery-item elementor-animated-content\" href=\"https:\/\/siamingenieria.com\/wpf\/wp-content\/uploads\/GALERIA-RUIDO-.jpg\" data-elementor-open-lightbox=\"yes\" data-elementor-lightbox-slideshow=\"8c1d49b\" data-elementor-lightbox-title=\"GALERIA RUIDO\" data-e-action-hash=\"#elementor-action%3Aaction%3Dlightbox%26settings%3DeyJpZCI6MzkwMCwidXJsIjoiaHR0cHM6XC9cL3NpYW1pbmdlbmllcmlhLmNvbVwvd3BmXC93cC1jb250ZW50XC91cGxvYWRzXC9HQUxFUklBLVJVSURPLS5qcGciLCJzbGlkZXNob3ciOiI4YzFkNDliIn0%3D\">\n\t\t\t\t\t<div class=\"e-gallery-image elementor-gallery-item__image\" data-thumbnail=\"https:\/\/siamingenieria.com\/wpf\/wp-content\/uploads\/GALERIA-RUIDO-.jpg\" data-width=\"1600\" data-height=\"1200\" aria-label=\"\" role=\"img\" ><\/div>\n\t\t\t\t\t\t\t\t\t\t\t<div class=\"elementor-gallery-item__overlay\"><\/div>\n\t\t\t\t\t\t\t\t\t\t\t\t\t\t<\/a>\n\t\t\t\t\t\t\t<a class=\"e-gallery-item elementor-gallery-item elementor-animated-content\" href=\"https:\/\/siamingenieria.com\/wpf\/wp-content\/uploads\/GALERIA-RUIDO-2.jpg\" data-elementor-open-lightbox=\"yes\" data-elementor-lightbox-slideshow=\"8c1d49b\" data-elementor-lightbox-title=\"GALERIA RUIDO 2\" data-e-action-hash=\"#elementor-action%3Aaction%3Dlightbox%26settings%3DeyJpZCI6MzkwMSwidXJsIjoiaHR0cHM6XC9cL3NpYW1pbmdlbmllcmlhLmNvbVwvd3BmXC93cC1jb250ZW50XC91cGxvYWRzXC9HQUxFUklBLVJVSURPLTIuanBnIiwic2xpZGVzaG93IjoiOGMxZDQ5YiJ9\">\n\t\t\t\t\t<div class=\"e-gallery-image elementor-gallery-item__image\" data-thumbnail=\"https:\/\/siamingenieria.com\/wpf\/wp-content\/uploads\/GALERIA-RUIDO-2.jpg\" data-width=\"1600\" data-height=\"1200\" aria-label=\"\" role=\"img\" ><\/div>\n\t\t\t\t\t\t\t\t\t\t\t<div class=\"elementor-gallery-item__overlay\"><\/div>\n\t\t\t\t\t\t\t\t\t\t\t\t\t\t<\/a>\n\t\t\t\t\t\t\t<a class=\"e-gallery-item elementor-gallery-item elementor-animated-content\" href=\"https:\/\/siamingenieria.com\/wpf\/wp-content\/uploads\/Ruido-Principal-siam-1.jpg\" data-elementor-open-lightbox=\"yes\" data-elementor-lightbox-slideshow=\"8c1d49b\" data-elementor-lightbox-title=\"Ruido-Principal-siam (1)\" data-e-action-hash=\"#elementor-action%3Aaction%3Dlightbox%26settings%3DeyJpZCI6MzgwMCwidXJsIjoiaHR0cHM6XC9cL3NpYW1pbmdlbmllcmlhLmNvbVwvd3BmXC93cC1jb250ZW50XC91cGxvYWRzXC9SdWlkby1QcmluY2lwYWwtc2lhbS0xLmpwZyIsInNsaWRlc2hvdyI6IjhjMWQ0OWIifQ%3D%3D\">\n\t\t\t\t\t<div class=\"e-gallery-image elementor-gallery-item__image\" data-thumbnail=\"https:\/\/siamingenieria.com\/wpf\/wp-content\/uploads\/Ruido-Principal-siam-1.jpg\" data-width=\"1600\" data-height=\"1200\" aria-label=\"\" role=\"img\" ><\/div>\n\t\t\t\t\t\t\t\t\t\t\t<div class=\"elementor-gallery-item__overlay\"><\/div>\n\t\t\t\t\t\t\t\t\t\t\t\t\t\t<\/a>\n\t\t\t\t\t\t\t<a class=\"e-gallery-item elementor-gallery-item elementor-animated-content\" href=\"https:\/\/siamingenieria.com\/wpf\/wp-content\/uploads\/Ruido-Principal-siam-2.jpg\" data-elementor-open-lightbox=\"yes\" data-elementor-lightbox-slideshow=\"8c1d49b\" data-elementor-lightbox-title=\"Ruido-Principal-siam-2\" data-e-action-hash=\"#elementor-action%3Aaction%3Dlightbox%26settings%3DeyJpZCI6MzgwOCwidXJsIjoiaHR0cHM6XC9cL3NpYW1pbmdlbmllcmlhLmNvbVwvd3BmXC93cC1jb250ZW50XC91cGxvYWRzXC9SdWlkby1QcmluY2lwYWwtc2lhbS0yLmpwZyIsInNsaWRlc2hvdyI6IjhjMWQ0OWIifQ%3D%3D\">\n\t\t\t\t\t<div class=\"e-gallery-image elementor-gallery-item__image\" data-thumbnail=\"https:\/\/siamingenieria.com\/wpf\/wp-content\/uploads\/Ruido-Principal-siam-2.jpg\" data-width=\"1600\" data-height=\"1200\" aria-label=\"\" role=\"img\" ><\/div>\n\t\t\t\t\t\t\t\t\t\t\t<div class=\"elementor-gallery-item__overlay\"><\/div>\n\t\t\t\t\t\t\t\t\t\t\t\t\t\t<\/a>\n\t\t\t\t\t<\/div>\n\t\t\t\t\t<\/div>\n\t\t\t\t<\/div>\n\t\t\t\t\t<\/div>\n\t\t\t\t<\/div>\n\t\t\t\t<\/div>\n\t\t","protected":false},"excerpt":{"rendered":"<p>Regresar a Casos e Industrias Ruido ambiental y Emision de Ruido Mediciones de Ruido ambiental en el \u00e1rea de influencia de un proyecto de generaci\u00f3n de energ\u00eda fotovoltaica. Problema del cliente El cliente requiere un laboratorio con acreditaci\u00f3n vigente y soporte t\u00e9cnico especializado para realizar la evaluaci\u00f3n de los niveles de ruido ambiental asociados al [&hellip;]<\/p>\n","protected":false},"author":1,"featured_media":0,"parent":22,"menu_order":0,"comment_status":"closed","ping_status":"closed","template":"elementor_header_footer","meta":{"_joinchat":[],"footnotes":""},"class_list":["post-3426","page","type-page","status-publish","hentry"],"_links":{"self":[{"href":"https:\/\/siamingenieria.com\/wpf\/wp-json\/wp\/v2\/pages\/3426","targetHints":{"allow":["GET"]}}],"collection":[{"href":"https:\/\/siamingenieria.com\/wpf\/wp-json\/wp\/v2\/pages"}],"about":[{"href":"https:\/\/siamingenieria.com\/wpf\/wp-json\/wp\/v2\/types\/page"}],"author":[{"embeddable":true,"href":"https:\/\/siamingenieria.com\/wpf\/wp-json\/wp\/v2\/users\/1"}],"replies":[{"embeddable":true,"href":"https:\/\/siamingenieria.com\/wpf\/wp-json\/wp\/v2\/comments?post=3426"}],"version-history":[{"count":10,"href":"https:\/\/siamingenieria.com\/wpf\/wp-json\/wp\/v2\/pages\/3426\/revisions"}],"predecessor-version":[{"id":3965,"href":"https:\/\/siamingenieria.com\/wpf\/wp-json\/wp\/v2\/pages\/3426\/revisions\/3965"}],"up":[{"embeddable":true,"href":"https:\/\/siamingenieria.com\/wpf\/wp-json\/wp\/v2\/pages\/22"}],"wp:attachment":[{"href":"https:\/\/siamingenieria.com\/wpf\/wp-json\/wp\/v2\/media?parent=3426"}],"curies":[{"name":"wp","href":"https:\/\/api.w.org\/{rel}","templated":true}]}}