{"id":28,"date":"2024-10-05T05:55:40","date_gmt":"2024-10-05T05:55:40","guid":{"rendered":"https:\/\/themexriver.com\/wp\/eergx\/?page_id=28"},"modified":"2026-02-09T17:26:27","modified_gmt":"2026-02-09T17:26:27","slug":"calidad-del-aire","status":"publish","type":"page","link":"https:\/\/siamingenieria.com\/wpf\/servicios\/calidad-del-aire\/","title":{"rendered":"Calidad del Aire"},"content":{"rendered":"\t\t<div data-elementor-type=\"wp-page\" data-elementor-id=\"28\" class=\"elementor elementor-28\" data-elementor-post-type=\"page\">\n\t\t\t\t\t\t<section class=\"elementor-section elementor-top-section elementor-element elementor-element-0f65e61 elementor-section-full_width elementor-section-height-default elementor-section-height-default\" data-id=\"0f65e61\" data-element_type=\"section\" data-e-type=\"section\">\n\t\t\t\t\t\t<div class=\"elementor-container elementor-column-gap-no\">\n\t\t\t\t\t<div class=\"elementor-column elementor-col-100 elementor-top-column elementor-element elementor-element-6748d0f\" data-id=\"6748d0f\" data-element_type=\"column\" data-e-type=\"column\">\n\t\t\t<div class=\"elementor-widget-wrap elementor-element-populated\">\n\t\t\t\t\t\t<div class=\"elementor-element elementor-element-f8a2e74 elementor-widget elementor-widget-go-single-service\" data-id=\"f8a2e74\" data-element_type=\"widget\" data-e-type=\"widget\" data-widget_type=\"go-single-service.default\">\n\t\t\t\t<div class=\"elementor-widget-container\">\n\t\t\t\t\t<div class=\"egx-services-details-area\">\n\n    \n    <div class=\"container egx-container-2\">\n        <div class=\"top-wrap\">\n            <a href=\"https:\/\/siamingenieria.com\/wpf\/servicios\/\" class=\"breadcrumb\">\n                <span class=\"icon\">\n                    <i class=\"fa-solid fa-angle-left\"><\/i>\n                <\/span>\n                <span class=\"text\">Regresar a Servicios<\/span>\n            <\/a>\n                            <div class=\"title-wrap\">\n                    <h1 class=\"hero-title egx-heading-1 egx-split-text split-in-right\">Calidad del Aire<\/h1>\n                <\/div>\n                    <\/div>\n    <\/div>\n            <div class=\"thumbnails-1\">\n            <div class=\"img-cover image-pllx\">\n                <img decoding=\"async\" src=\"https:\/\/siamingenieria.com\/wpf\/wp-content\/uploads\/Foto-principal-aire-siam-3.jpg\" alt=\"\">\n            <\/div>\n        <\/div>\n    <\/div>\t\t\t\t<\/div>\n\t\t\t\t<\/div>\n\t\t\t\t\t<\/div>\n\t\t<\/div>\n\t\t\t\t\t<\/div>\n\t\t<\/section>\n\t\t<div class=\"elementor-element elementor-element-57544cf e-flex e-con-boxed e-con e-parent\" data-id=\"57544cf\" data-element_type=\"container\" data-e-type=\"container\">\n\t\t\t\t\t<div class=\"e-con-inner\">\n\t\t<div class=\"elementor-element elementor-element-8b0c70d e-con-full e-flex e-con e-child\" data-id=\"8b0c70d\" data-element_type=\"container\" data-e-type=\"container\">\n\t\t\t\t<div class=\"elementor-element elementor-element-2f3545e elementor-widget elementor-widget-heading\" data-id=\"2f3545e\" data-element_type=\"widget\" data-e-type=\"widget\" data-widget_type=\"heading.default\">\n\t\t\t\t\t<h2 class=\"elementor-heading-title elementor-size-default\">Los monitoreos de la matriz Aire (Calidad del Aire en Colombia) son desarrollados bajo m\u00e9todos normalizados, emitidos por organismos de reconocimiento cient\u00edfico (United States Environmental Protection Agency -US_EPA- y la Uni\u00f3n Europea); as\u00ed mismo son ejecutados con base al PROTOCOLO PARA EL MONITOREO Y SEGUIMIENTO DE LA CALIDAD DEL AIRE emitido por el antes Ministerio de Ambiente, Vivienda y desarrollo Territorial (hoy: Ministerio de Ambiente y Desarrollo Sostenible -MADS-); esta entidad emite la normativa aplicable, entre las cuales se encuentra: Resoluci\u00f3n 2254 del 2017(Norma de calidad del aire ambiente), Resoluci\u00f3n 2087 del 2014 (Protocolo para el monitoreo y control de olores ofensivos), Resoluci\u00f3n 1541 del 2013 (Niveles permisibles de [\u2026] olores ofensivos), Resoluci\u00f3n 2154 del 2010 (Protocolo SVCA), entre otras.\n<\/h2>\t\t\t\t<\/div>\n\t\t\t\t<div class=\"elementor-element elementor-element-a35d520 elementor-widget elementor-widget-heading\" data-id=\"a35d520\" data-element_type=\"widget\" data-e-type=\"widget\" data-widget_type=\"heading.default\">\n\t\t\t\t\t<h2 class=\"elementor-heading-title elementor-size-default\">Los servicios que se prestan son:<\/h2>\t\t\t\t<\/div>\n\t\t\t\t<div class=\"elementor-element elementor-element-67c798c elementor-icon-list--layout-traditional elementor-list-item-link-full_width elementor-widget elementor-widget-icon-list\" data-id=\"67c798c\" data-element_type=\"widget\" data-e-type=\"widget\" data-widget_type=\"icon-list.default\">\n\t\t\t\t\t\t\t<ul class=\"elementor-icon-list-items\">\n\t\t\t\t\t\t\t<li class=\"elementor-icon-list-item\">\n\t\t\t\t\t\t\t\t\t\t\t<span class=\"elementor-icon-list-icon\">\n\t\t\t\t\t\t\t<i aria-hidden=\"true\" class=\"fas fa-circle\"><\/i>\t\t\t\t\t\t<\/span>\n\t\t\t\t\t\t\t\t\t\t<span class=\"elementor-icon-list-text\">MATERIAL PARTICULADO (PM2.5\u2013PM10\u2013PST)<\/span>\n\t\t\t\t\t\t\t\t\t<\/li>\n\t\t\t\t\t\t\t\t<li class=\"elementor-icon-list-item\">\n\t\t\t\t\t\t\t\t\t\t\t<span class=\"elementor-icon-list-icon\">\n\t\t\t\t\t\t\t<i aria-hidden=\"true\" class=\"fas fa-circle\"><\/i>\t\t\t\t\t\t<\/span>\n\t\t\t\t\t\t\t\t\t\t<span class=\"elementor-icon-list-text\">DI\u00d3XIDO DE NITR\u00d3GENO (NO2)<\/span>\n\t\t\t\t\t\t\t\t\t<\/li>\n\t\t\t\t\t\t\t\t<li class=\"elementor-icon-list-item\">\n\t\t\t\t\t\t\t\t\t\t\t<span class=\"elementor-icon-list-icon\">\n\t\t\t\t\t\t\t<i aria-hidden=\"true\" class=\"fas fa-circle\"><\/i>\t\t\t\t\t\t<\/span>\n\t\t\t\t\t\t\t\t\t\t<span class=\"elementor-icon-list-text\">DI\u00d3XIDO DE AZUFRE (SO2)<\/span>\n\t\t\t\t\t\t\t\t\t<\/li>\n\t\t\t\t\t\t\t\t<li class=\"elementor-icon-list-item\">\n\t\t\t\t\t\t\t\t\t\t\t<span class=\"elementor-icon-list-icon\">\n\t\t\t\t\t\t\t<i aria-hidden=\"true\" class=\"fas fa-circle\"><\/i>\t\t\t\t\t\t<\/span>\n\t\t\t\t\t\t\t\t\t\t<span class=\"elementor-icon-list-text\">MON\u00d3XIDO DE CARBONO (CO)<\/span>\n\t\t\t\t\t\t\t\t\t<\/li>\n\t\t\t\t\t\t\t\t<li class=\"elementor-icon-list-item\">\n\t\t\t\t\t\t\t\t\t\t\t<span class=\"elementor-icon-list-icon\">\n\t\t\t\t\t\t\t<i aria-hidden=\"true\" class=\"fas fa-circle\"><\/i>\t\t\t\t\t\t<\/span>\n\t\t\t\t\t\t\t\t\t\t<span class=\"elementor-icon-list-text\">OZONO (O3)<\/span>\n\t\t\t\t\t\t\t\t\t<\/li>\n\t\t\t\t\t\t\t\t<li class=\"elementor-icon-list-item\">\n\t\t\t\t\t\t\t\t\t\t\t<span class=\"elementor-icon-list-icon\">\n\t\t\t\t\t\t\t<i aria-hidden=\"true\" class=\"fas fa-circle\"><\/i>\t\t\t\t\t\t<\/span>\n\t\t\t\t\t\t\t\t\t\t<span class=\"elementor-icon-list-text\">AMONIACO (NH3)<\/span>\n\t\t\t\t\t\t\t\t\t<\/li>\n\t\t\t\t\t\t\t\t<li class=\"elementor-icon-list-item\">\n\t\t\t\t\t\t\t\t\t\t\t<span class=\"elementor-icon-list-icon\">\n\t\t\t\t\t\t\t<i aria-hidden=\"true\" class=\"fas fa-circle\"><\/i>\t\t\t\t\t\t<\/span>\n\t\t\t\t\t\t\t\t\t\t<span class=\"elementor-icon-list-text\">SULFURO DEHIDR\u00d3GENO (H2S)<\/span>\n\t\t\t\t\t\t\t\t\t<\/li>\n\t\t\t\t\t\t\t\t<li class=\"elementor-icon-list-item\">\n\t\t\t\t\t\t\t\t\t\t\t<span class=\"elementor-icon-list-icon\">\n\t\t\t\t\t\t\t<i aria-hidden=\"true\" class=\"fas fa-circle\"><\/i>\t\t\t\t\t\t<\/span>\n\t\t\t\t\t\t\t\t\t\t<span class=\"elementor-icon-list-text\">HIDROCARBUROS TOTALES (HCT)<\/span>\n\t\t\t\t\t\t\t\t\t<\/li>\n\t\t\t\t\t\t\t\t<li class=\"elementor-icon-list-item\">\n\t\t\t\t\t\t\t\t\t\t\t<span class=\"elementor-icon-list-icon\">\n\t\t\t\t\t\t\t<i aria-hidden=\"true\" class=\"fas fa-circle\"><\/i>\t\t\t\t\t\t<\/span>\n\t\t\t\t\t\t\t\t\t\t<span class=\"elementor-icon-list-text\">COMPUESTOS ORG\u00c1NICOS VOL\u00c1TILES (VOC\u00b4S)<\/span>\n\t\t\t\t\t\t\t\t\t<\/li>\n\t\t\t\t\t\t<\/ul>\n\t\t\t\t\t\t<\/div>\n\t\t\t\t<div class=\"elementor-element elementor-element-bbf0646 elementor-widget elementor-widget-heading\" data-id=\"bbf0646\" data-element_type=\"widget\" data-e-type=\"widget\" data-widget_type=\"heading.default\">\n\t\t\t\t\t<h2 class=\"elementor-heading-title elementor-size-default\">Podr\u00e1s lograr con nosotros\u2026.<\/h2>\t\t\t\t<\/div>\n\t\t\t\t<div class=\"elementor-element elementor-element-3e6c304 elementor-widget elementor-widget-heading\" data-id=\"3e6c304\" data-element_type=\"widget\" data-e-type=\"widget\" data-widget_type=\"heading.default\">\n\t\t\t\t\t<h2 class=\"elementor-heading-title elementor-size-default\">M\u00e1s de 100 proyectos trabajados en todo Colombia con una satisfacci\u00f3n del 99,9% de nuestros clientes.<\/h2>\t\t\t\t<\/div>\n\t\t\t\t<div class=\"elementor-element elementor-element-3d43a20 elementor-widget elementor-widget-ft-btn-one\" data-id=\"3d43a20\" data-element_type=\"widget\" data-e-type=\"widget\" data-widget_type=\"ft-btn-one.default\">\n\t\t\t\t<div class=\"elementor-widget-container\">\n\t\t\t\t\t<div class=\"prthalign\">\n    <a href=\"https:\/\/siamingenieria.com\/wpf\/wp-content\/uploads\/Portafolio-SIAM.pdf\" target=\"_blank\" rel=\"nofollow\" class=\"egx-btn-2 hover-black-btn\">\n        <span class=\"btn-text\">Descarga portafolio<\/span>\n        <span class=\"btn-icon\">\n            <i class=\"fa-solid fa-arrow-right\"><\/i>\n        <\/span>\n    <\/a>\n<\/div>\n\t\t\t\t<\/div>\n\t\t\t\t<\/div>\n\t\t\t\t<\/div>\n\t\t\t\t\t<\/div>\n\t\t\t\t<\/div>\n\t\t<div class=\"elementor-element elementor-element-bbca644 e-flex e-con-boxed e-con e-parent\" data-id=\"bbca644\" data-element_type=\"container\" data-e-type=\"container\">\n\t\t\t\t\t<div class=\"e-con-inner\">\n\t\t<div class=\"elementor-element elementor-element-a863e45 e-con-full e-flex e-con e-child\" data-id=\"a863e45\" data-element_type=\"container\" data-e-type=\"container\">\n\t\t\t\t<div class=\"elementor-element elementor-element-a1431f6 elementor-widget elementor-widget-heading\" data-id=\"a1431f6\" data-element_type=\"widget\" data-e-type=\"widget\" data-widget_type=\"heading.default\">\n\t\t\t\t\t<h2 class=\"elementor-heading-title elementor-size-default\">Galer\u00eda<\/h2>\t\t\t\t<\/div>\n\t\t\t\t<div class=\"elementor-element elementor-element-86b55b9 elementor-widget elementor-widget-gallery\" data-id=\"86b55b9\" data-element_type=\"widget\" data-e-type=\"widget\" data-settings=\"{&quot;gallery_layout&quot;:&quot;masonry&quot;,&quot;columns&quot;:3,&quot;lazyload&quot;:&quot;yes&quot;,&quot;columns_tablet&quot;:2,&quot;columns_mobile&quot;:1,&quot;gap&quot;:{&quot;unit&quot;:&quot;px&quot;,&quot;size&quot;:10,&quot;sizes&quot;:[]},&quot;gap_tablet&quot;:{&quot;unit&quot;:&quot;px&quot;,&quot;size&quot;:10,&quot;sizes&quot;:[]},&quot;gap_mobile&quot;:{&quot;unit&quot;:&quot;px&quot;,&quot;size&quot;:10,&quot;sizes&quot;:[]},&quot;link_to&quot;:&quot;file&quot;,&quot;overlay_background&quot;:&quot;yes&quot;,&quot;content_hover_animation&quot;:&quot;fade-in&quot;}\" data-widget_type=\"gallery.default\">\n\t\t\t\t\t\t\t<div class=\"elementor-gallery__container\">\n\t\t\t\t\t\t\t<a class=\"e-gallery-item elementor-gallery-item elementor-animated-content\" href=\"https:\/\/siamingenieria.com\/wpf\/wp-content\/uploads\/Foto-principal-aire-siam-1.jpg\" data-elementor-open-lightbox=\"yes\" data-elementor-lightbox-slideshow=\"86b55b9\" data-elementor-lightbox-title=\"Foto-principal-aire-siam-1\" data-e-action-hash=\"#elementor-action%3Aaction%3Dlightbox%26settings%3DeyJpZCI6Mzc2MiwidXJsIjoiaHR0cHM6XC9cL3NpYW1pbmdlbmllcmlhLmNvbVwvd3BmXC93cC1jb250ZW50XC91cGxvYWRzXC9Gb3RvLXByaW5jaXBhbC1haXJlLXNpYW0tMS5qcGciLCJzbGlkZXNob3ciOiI4NmI1NWI5In0%3D\">\n\t\t\t\t\t<div class=\"e-gallery-image elementor-gallery-item__image\" data-thumbnail=\"https:\/\/siamingenieria.com\/wpf\/wp-content\/uploads\/Foto-principal-aire-siam-1.jpg\" data-width=\"1600\" data-height=\"1200\" aria-label=\"\" role=\"img\" ><\/div>\n\t\t\t\t\t\t\t\t\t\t\t<div class=\"elementor-gallery-item__overlay\"><\/div>\n\t\t\t\t\t\t\t\t\t\t\t\t\t\t<\/a>\n\t\t\t\t\t\t\t<a class=\"e-gallery-item elementor-gallery-item elementor-animated-content\" href=\"https:\/\/siamingenieria.com\/wpf\/wp-content\/uploads\/Foto-principal-aire-siam-2.jpg\" data-elementor-open-lightbox=\"yes\" data-elementor-lightbox-slideshow=\"86b55b9\" data-elementor-lightbox-title=\"Foto-principal-aire-siam-2\" data-e-action-hash=\"#elementor-action%3Aaction%3Dlightbox%26settings%3DeyJpZCI6Mzc2MywidXJsIjoiaHR0cHM6XC9cL3NpYW1pbmdlbmllcmlhLmNvbVwvd3BmXC93cC1jb250ZW50XC91cGxvYWRzXC9Gb3RvLXByaW5jaXBhbC1haXJlLXNpYW0tMi5qcGciLCJzbGlkZXNob3ciOiI4NmI1NWI5In0%3D\">\n\t\t\t\t\t<div class=\"e-gallery-image elementor-gallery-item__image\" data-thumbnail=\"https:\/\/siamingenieria.com\/wpf\/wp-content\/uploads\/Foto-principal-aire-siam-2.jpg\" data-width=\"1600\" data-height=\"1200\" aria-label=\"\" role=\"img\" ><\/div>\n\t\t\t\t\t\t\t\t\t\t\t<div class=\"elementor-gallery-item__overlay\"><\/div>\n\t\t\t\t\t\t\t\t\t\t\t\t\t\t<\/a>\n\t\t\t\t\t\t\t<a class=\"e-gallery-item elementor-gallery-item elementor-animated-content\" href=\"https:\/\/siamingenieria.com\/wpf\/wp-content\/uploads\/Foto-principal-aire-siam-3.jpg\" data-elementor-open-lightbox=\"yes\" data-elementor-lightbox-slideshow=\"86b55b9\" data-elementor-lightbox-title=\"Foto-principal-aire-siam-3\" data-e-action-hash=\"#elementor-action%3Aaction%3Dlightbox%26settings%3DeyJpZCI6Mzc2NCwidXJsIjoiaHR0cHM6XC9cL3NpYW1pbmdlbmllcmlhLmNvbVwvd3BmXC93cC1jb250ZW50XC91cGxvYWRzXC9Gb3RvLXByaW5jaXBhbC1haXJlLXNpYW0tMy5qcGciLCJzbGlkZXNob3ciOiI4NmI1NWI5In0%3D\">\n\t\t\t\t\t<div class=\"e-gallery-image elementor-gallery-item__image\" data-thumbnail=\"https:\/\/siamingenieria.com\/wpf\/wp-content\/uploads\/Foto-principal-aire-siam-3.jpg\" data-width=\"1600\" data-height=\"1200\" aria-label=\"\" role=\"img\" ><\/div>\n\t\t\t\t\t\t\t\t\t\t\t<div class=\"elementor-gallery-item__overlay\"><\/div>\n\t\t\t\t\t\t\t\t\t\t\t\t\t\t<\/a>\n\t\t\t\t\t\t\t<a class=\"e-gallery-item elementor-gallery-item elementor-animated-content\" href=\"https:\/\/siamingenieria.com\/wpf\/wp-content\/uploads\/Foto-principal-aire-siam-4.jpg\" data-elementor-open-lightbox=\"yes\" data-elementor-lightbox-slideshow=\"86b55b9\" data-elementor-lightbox-title=\"Foto-principal-aire-siam-4\" data-e-action-hash=\"#elementor-action%3Aaction%3Dlightbox%26settings%3DeyJpZCI6Mzc2NSwidXJsIjoiaHR0cHM6XC9cL3NpYW1pbmdlbmllcmlhLmNvbVwvd3BmXC93cC1jb250ZW50XC91cGxvYWRzXC9Gb3RvLXByaW5jaXBhbC1haXJlLXNpYW0tNC5qcGciLCJzbGlkZXNob3ciOiI4NmI1NWI5In0%3D\">\n\t\t\t\t\t<div class=\"e-gallery-image elementor-gallery-item__image\" data-thumbnail=\"https:\/\/siamingenieria.com\/wpf\/wp-content\/uploads\/Foto-principal-aire-siam-4.jpg\" data-width=\"1600\" data-height=\"1200\" aria-label=\"\" role=\"img\" ><\/div>\n\t\t\t\t\t\t\t\t\t\t\t<div class=\"elementor-gallery-item__overlay\"><\/div>\n\t\t\t\t\t\t\t\t\t\t\t\t\t\t<\/a>\n\t\t\t\t\t\t\t<a class=\"e-gallery-item elementor-gallery-item elementor-animated-content\" href=\"https:\/\/siamingenieria.com\/wpf\/wp-content\/uploads\/Foto-principal-aire-siam-5.jpg\" data-elementor-open-lightbox=\"yes\" data-elementor-lightbox-slideshow=\"86b55b9\" data-elementor-lightbox-title=\"Foto-principal-aire-siam-5\" data-e-action-hash=\"#elementor-action%3Aaction%3Dlightbox%26settings%3DeyJpZCI6Mzc2NiwidXJsIjoiaHR0cHM6XC9cL3NpYW1pbmdlbmllcmlhLmNvbVwvd3BmXC93cC1jb250ZW50XC91cGxvYWRzXC9Gb3RvLXByaW5jaXBhbC1haXJlLXNpYW0tNS5qcGciLCJzbGlkZXNob3ciOiI4NmI1NWI5In0%3D\">\n\t\t\t\t\t<div class=\"e-gallery-image elementor-gallery-item__image\" data-thumbnail=\"https:\/\/siamingenieria.com\/wpf\/wp-content\/uploads\/Foto-principal-aire-siam-5.jpg\" data-width=\"1600\" data-height=\"1200\" aria-label=\"\" role=\"img\" ><\/div>\n\t\t\t\t\t\t\t\t\t\t\t<div class=\"elementor-gallery-item__overlay\"><\/div>\n\t\t\t\t\t\t\t\t\t\t\t\t\t\t<\/a>\n\t\t\t\t\t\t\t<a class=\"e-gallery-item elementor-gallery-item elementor-animated-content\" href=\"https:\/\/siamingenieria.com\/wpf\/wp-content\/uploads\/Foto-principal-aire-siam-6.jpg\" data-elementor-open-lightbox=\"yes\" data-elementor-lightbox-slideshow=\"86b55b9\" data-elementor-lightbox-title=\"Foto-principal-aire-siam-6\" data-e-action-hash=\"#elementor-action%3Aaction%3Dlightbox%26settings%3DeyJpZCI6Mzc2NywidXJsIjoiaHR0cHM6XC9cL3NpYW1pbmdlbmllcmlhLmNvbVwvd3BmXC93cC1jb250ZW50XC91cGxvYWRzXC9Gb3RvLXByaW5jaXBhbC1haXJlLXNpYW0tNi5qcGciLCJzbGlkZXNob3ciOiI4NmI1NWI5In0%3D\">\n\t\t\t\t\t<div class=\"e-gallery-image elementor-gallery-item__image\" data-thumbnail=\"https:\/\/siamingenieria.com\/wpf\/wp-content\/uploads\/Foto-principal-aire-siam-6.jpg\" data-width=\"1600\" data-height=\"1200\" aria-label=\"\" role=\"img\" ><\/div>\n\t\t\t\t\t\t\t\t\t\t\t<div class=\"elementor-gallery-item__overlay\"><\/div>\n\t\t\t\t\t\t\t\t\t\t\t\t\t\t<\/a>\n\t\t\t\t\t\t\t<a class=\"e-gallery-item elementor-gallery-item elementor-animated-content\" href=\"https:\/\/siamingenieria.com\/wpf\/wp-content\/uploads\/Foto-principal-aire-siam-7.jpg\" data-elementor-open-lightbox=\"yes\" data-elementor-lightbox-slideshow=\"86b55b9\" data-elementor-lightbox-title=\"Foto-principal-aire-siam-7\" data-e-action-hash=\"#elementor-action%3Aaction%3Dlightbox%26settings%3DeyJpZCI6Mzc2OCwidXJsIjoiaHR0cHM6XC9cL3NpYW1pbmdlbmllcmlhLmNvbVwvd3BmXC93cC1jb250ZW50XC91cGxvYWRzXC9Gb3RvLXByaW5jaXBhbC1haXJlLXNpYW0tNy5qcGciLCJzbGlkZXNob3ciOiI4NmI1NWI5In0%3D\">\n\t\t\t\t\t<div class=\"e-gallery-image elementor-gallery-item__image\" data-thumbnail=\"https:\/\/siamingenieria.com\/wpf\/wp-content\/uploads\/Foto-principal-aire-siam-7.jpg\" data-width=\"1280\" data-height=\"960\" aria-label=\"\" role=\"img\" ><\/div>\n\t\t\t\t\t\t\t\t\t\t\t<div class=\"elementor-gallery-item__overlay\"><\/div>\n\t\t\t\t\t\t\t\t\t\t\t\t\t\t<\/a>\n\t\t\t\t\t\t\t<a class=\"e-gallery-item elementor-gallery-item elementor-animated-content\" href=\"https:\/\/siamingenieria.com\/wpf\/wp-content\/uploads\/Foto-principal-aire-siam-8.jpg\" data-elementor-open-lightbox=\"yes\" data-elementor-lightbox-slideshow=\"86b55b9\" data-elementor-lightbox-title=\"Foto-principal-aire-siam-8\" data-e-action-hash=\"#elementor-action%3Aaction%3Dlightbox%26settings%3DeyJpZCI6Mzc2OSwidXJsIjoiaHR0cHM6XC9cL3NpYW1pbmdlbmllcmlhLmNvbVwvd3BmXC93cC1jb250ZW50XC91cGxvYWRzXC9Gb3RvLXByaW5jaXBhbC1haXJlLXNpYW0tOC5qcGciLCJzbGlkZXNob3ciOiI4NmI1NWI5In0%3D\">\n\t\t\t\t\t<div class=\"e-gallery-image elementor-gallery-item__image\" data-thumbnail=\"https:\/\/siamingenieria.com\/wpf\/wp-content\/uploads\/Foto-principal-aire-siam-8.jpg\" data-width=\"1280\" data-height=\"960\" aria-label=\"\" role=\"img\" ><\/div>\n\t\t\t\t\t\t\t\t\t\t\t<div class=\"elementor-gallery-item__overlay\"><\/div>\n\t\t\t\t\t\t\t\t\t\t\t\t\t\t<\/a>\n\t\t\t\t\t\t\t<a class=\"e-gallery-item elementor-gallery-item elementor-animated-content\" href=\"https:\/\/siamingenieria.com\/wpf\/wp-content\/uploads\/Foto-principal-aire-siam-9.jpg\" data-elementor-open-lightbox=\"yes\" data-elementor-lightbox-slideshow=\"86b55b9\" data-elementor-lightbox-title=\"Foto-principal-aire-siam-9\" data-e-action-hash=\"#elementor-action%3Aaction%3Dlightbox%26settings%3DeyJpZCI6Mzc3MCwidXJsIjoiaHR0cHM6XC9cL3NpYW1pbmdlbmllcmlhLmNvbVwvd3BmXC93cC1jb250ZW50XC91cGxvYWRzXC9Gb3RvLXByaW5jaXBhbC1haXJlLXNpYW0tOS5qcGciLCJzbGlkZXNob3ciOiI4NmI1NWI5In0%3D\">\n\t\t\t\t\t<div class=\"e-gallery-image elementor-gallery-item__image\" data-thumbnail=\"https:\/\/siamingenieria.com\/wpf\/wp-content\/uploads\/Foto-principal-aire-siam-9.jpg\" data-width=\"1280\" data-height=\"960\" aria-label=\"\" role=\"img\" ><\/div>\n\t\t\t\t\t\t\t\t\t\t\t<div class=\"elementor-gallery-item__overlay\"><\/div>\n\t\t\t\t\t\t\t\t\t\t\t\t\t\t<\/a>\n\t\t\t\t\t\t\t<a class=\"e-gallery-item elementor-gallery-item elementor-animated-content\" href=\"https:\/\/siamingenieria.com\/wpf\/wp-content\/uploads\/Foto-principal-aire-siam-10.jpg\" data-elementor-open-lightbox=\"yes\" data-elementor-lightbox-slideshow=\"86b55b9\" data-elementor-lightbox-title=\"Foto-principal-aire-siam-10\" data-e-action-hash=\"#elementor-action%3Aaction%3Dlightbox%26settings%3DeyJpZCI6Mzc3MSwidXJsIjoiaHR0cHM6XC9cL3NpYW1pbmdlbmllcmlhLmNvbVwvd3BmXC93cC1jb250ZW50XC91cGxvYWRzXC9Gb3RvLXByaW5jaXBhbC1haXJlLXNpYW0tMTAuanBnIiwic2xpZGVzaG93IjoiODZiNTViOSJ9\">\n\t\t\t\t\t<div class=\"e-gallery-image elementor-gallery-item__image\" data-thumbnail=\"https:\/\/siamingenieria.com\/wpf\/wp-content\/uploads\/Foto-principal-aire-siam-10.jpg\" data-width=\"1280\" data-height=\"960\" aria-label=\"\" role=\"img\" ><\/div>\n\t\t\t\t\t\t\t\t\t\t\t<div class=\"elementor-gallery-item__overlay\"><\/div>\n\t\t\t\t\t\t\t\t\t\t\t\t\t\t<\/a>\n\t\t\t\t\t\t\t<a class=\"e-gallery-item elementor-gallery-item elementor-animated-content\" href=\"https:\/\/siamingenieria.com\/wpf\/wp-content\/uploads\/Foto-principal-aire-siam-11.jpg\" data-elementor-open-lightbox=\"yes\" data-elementor-lightbox-slideshow=\"86b55b9\" data-elementor-lightbox-title=\"Foto-principal-aire-siam-11\" data-e-action-hash=\"#elementor-action%3Aaction%3Dlightbox%26settings%3DeyJpZCI6Mzc3MiwidXJsIjoiaHR0cHM6XC9cL3NpYW1pbmdlbmllcmlhLmNvbVwvd3BmXC93cC1jb250ZW50XC91cGxvYWRzXC9Gb3RvLXByaW5jaXBhbC1haXJlLXNpYW0tMTEuanBnIiwic2xpZGVzaG93IjoiODZiNTViOSJ9\">\n\t\t\t\t\t<div class=\"e-gallery-image elementor-gallery-item__image\" data-thumbnail=\"https:\/\/siamingenieria.com\/wpf\/wp-content\/uploads\/Foto-principal-aire-siam-11.jpg\" data-width=\"1280\" data-height=\"960\" aria-label=\"\" role=\"img\" ><\/div>\n\t\t\t\t\t\t\t\t\t\t\t<div class=\"elementor-gallery-item__overlay\"><\/div>\n\t\t\t\t\t\t\t\t\t\t\t\t\t\t<\/a>\n\t\t\t\t\t\t\t<a class=\"e-gallery-item elementor-gallery-item elementor-animated-content\" href=\"https:\/\/siamingenieria.com\/wpf\/wp-content\/uploads\/Foto-principal-aire-siam-12.jpg\" data-elementor-open-lightbox=\"yes\" data-elementor-lightbox-slideshow=\"86b55b9\" data-elementor-lightbox-title=\"Foto-principal-aire-siam-12\" data-e-action-hash=\"#elementor-action%3Aaction%3Dlightbox%26settings%3DeyJpZCI6Mzc3MywidXJsIjoiaHR0cHM6XC9cL3NpYW1pbmdlbmllcmlhLmNvbVwvd3BmXC93cC1jb250ZW50XC91cGxvYWRzXC9Gb3RvLXByaW5jaXBhbC1haXJlLXNpYW0tMTIuanBnIiwic2xpZGVzaG93IjoiODZiNTViOSJ9\">\n\t\t\t\t\t<div class=\"e-gallery-image elementor-gallery-item__image\" data-thumbnail=\"https:\/\/siamingenieria.com\/wpf\/wp-content\/uploads\/Foto-principal-aire-siam-12.jpg\" data-width=\"1280\" data-height=\"960\" aria-label=\"\" role=\"img\" ><\/div>\n\t\t\t\t\t\t\t\t\t\t\t<div class=\"elementor-gallery-item__overlay\"><\/div>\n\t\t\t\t\t\t\t\t\t\t\t\t\t\t<\/a>\n\t\t\t\t\t<\/div>\n\t\t\t\t\t<\/div>\n\t\t\t\t<\/div>\n\t\t\t\t\t<\/div>\n\t\t\t\t<\/div>\n\t\t\t\t<\/div>\n\t\t","protected":false},"excerpt":{"rendered":"<p>Regresar a Servicios Calidad del Aire Los monitoreos de la matriz Aire (Calidad del Aire en Colombia) son desarrollados bajo m\u00e9todos normalizados, emitidos por organismos de reconocimiento cient\u00edfico (United States Environmental Protection Agency -US_EPA- y la Uni\u00f3n Europea); as\u00ed mismo son ejecutados con base al PROTOCOLO PARA EL MONITOREO Y SEGUIMIENTO DE LA CALIDAD DEL [&hellip;]<\/p>\n","protected":false},"author":1,"featured_media":0,"parent":14,"menu_order":0,"comment_status":"closed","ping_status":"closed","template":"elementor_header_footer","meta":{"_joinchat":[],"footnotes":""},"class_list":["post-28","page","type-page","status-publish","hentry"],"_links":{"self":[{"href":"https:\/\/siamingenieria.com\/wpf\/wp-json\/wp\/v2\/pages\/28","targetHints":{"allow":["GET"]}}],"collection":[{"href":"https:\/\/siamingenieria.com\/wpf\/wp-json\/wp\/v2\/pages"}],"about":[{"href":"https:\/\/siamingenieria.com\/wpf\/wp-json\/wp\/v2\/types\/page"}],"author":[{"embeddable":true,"href":"https:\/\/siamingenieria.com\/wpf\/wp-json\/wp\/v2\/users\/1"}],"replies":[{"embeddable":true,"href":"https:\/\/siamingenieria.com\/wpf\/wp-json\/wp\/v2\/comments?post=28"}],"version-history":[{"count":35,"href":"https:\/\/siamingenieria.com\/wpf\/wp-json\/wp\/v2\/pages\/28\/revisions"}],"predecessor-version":[{"id":3895,"href":"https:\/\/siamingenieria.com\/wpf\/wp-json\/wp\/v2\/pages\/28\/revisions\/3895"}],"up":[{"embeddable":true,"href":"https:\/\/siamingenieria.com\/wpf\/wp-json\/wp\/v2\/pages\/14"}],"wp:attachment":[{"href":"https:\/\/siamingenieria.com\/wpf\/wp-json\/wp\/v2\/media?parent=28"}],"curies":[{"name":"wp","href":"https:\/\/api.w.org\/{rel}","templated":true}]}}