{"id":2226,"date":"2024-10-21T09:59:33","date_gmt":"2024-10-21T09:59:33","guid":{"rendered":"https:\/\/themexriver.com\/wp\/eergx\/?page_id=2226"},"modified":"2026-03-20T11:06:25","modified_gmt":"2026-03-20T16:06:25","slug":"blog","status":"publish","type":"page","link":"https:\/\/siamingenieria.com\/wpf\/blog\/","title":{"rendered":"Blog"},"content":{"rendered":"\t\t<div data-elementor-type=\"wp-page\" data-elementor-id=\"2226\" class=\"elementor elementor-2226\" data-elementor-post-type=\"page\">\n\t\t\t\t<div class=\"elementor-element elementor-element-238bcb7 e-flex e-con-boxed e-con e-parent\" data-id=\"238bcb7\" data-element_type=\"container\" data-e-type=\"container\" data-settings=\"{&quot;background_background&quot;:&quot;classic&quot;}\">\n\t\t\t\t\t<div class=\"e-con-inner\">\n\t\t\t\t<div class=\"elementor-element elementor-element-12d58c6 elementor-widget elementor-widget-heading\" data-id=\"12d58c6\" data-element_type=\"widget\" data-e-type=\"widget\" data-widget_type=\"heading.default\">\n\t\t\t\t\t<h1 class=\"elementor-heading-title elementor-size-default\">Blog<\/h1>\t\t\t\t<\/div>\n\t\t\t\t\t<\/div>\n\t\t\t\t<\/div>\n\t\t<div class=\"elementor-element elementor-element-81635e4 e-flex e-con-boxed e-con e-parent\" data-id=\"81635e4\" data-element_type=\"container\" data-e-type=\"container\">\n\t\t\t\t\t<div class=\"e-con-inner\">\n\t\t<div class=\"elementor-element elementor-element-db52ef8 e-con-full e-flex e-con e-child\" data-id=\"db52ef8\" data-element_type=\"container\" data-e-type=\"container\">\n\t\t\t\t<div class=\"elementor-element elementor-element-671d6f8 elementor-grid-2 elementor-grid-tablet-2 elementor-grid-mobile-1 elementor-posts--thumbnail-top elementor-card-shadow-yes elementor-posts__hover-gradient elementor-widget elementor-widget-posts\" data-id=\"671d6f8\" data-element_type=\"widget\" data-e-type=\"widget\" data-settings=\"{&quot;cards_columns&quot;:&quot;2&quot;,&quot;cards_columns_tablet&quot;:&quot;2&quot;,&quot;cards_columns_mobile&quot;:&quot;1&quot;,&quot;cards_row_gap&quot;:{&quot;unit&quot;:&quot;px&quot;,&quot;size&quot;:35,&quot;sizes&quot;:[]},&quot;cards_row_gap_tablet&quot;:{&quot;unit&quot;:&quot;px&quot;,&quot;size&quot;:&quot;&quot;,&quot;sizes&quot;:[]},&quot;cards_row_gap_mobile&quot;:{&quot;unit&quot;:&quot;px&quot;,&quot;size&quot;:&quot;&quot;,&quot;sizes&quot;:[]}}\" data-widget_type=\"posts.cards\">\n\t\t\t\t<div class=\"elementor-widget-container\">\n\t\t\t\t\t\t\t<div class=\"elementor-posts-container elementor-posts elementor-posts--skin-cards elementor-grid\" role=\"list\">\n\t\t\t\t<article class=\"elementor-post elementor-grid-item post-1478 post type-post status-publish format-standard has-post-thumbnail hentry category-ruido-ambiental\" role=\"listitem\">\n\t\t\t<div class=\"elementor-post__card\">\n\t\t\t\t<a class=\"elementor-post__thumbnail__link\" href=\"https:\/\/siamingenieria.com\/wpf\/ruido-ambiental-en-construccion-y-energia-medicion-cumplimiento-tecnico-de-la-resolucion-627-de-2006-y-gestion-de-riesgos-comunitarios\/\" tabindex=\"-1\" ><div class=\"elementor-post__thumbnail\"><img fetchpriority=\"high\" decoding=\"async\" width=\"1920\" height=\"1280\" src=\"https:\/\/siamingenieria.com\/wpf\/wp-content\/uploads\/blog-ruido-siam.jpg\" class=\"attachment-full size-full wp-image-3686\" alt=\"\" srcset=\"https:\/\/siamingenieria.com\/wpf\/wp-content\/uploads\/blog-ruido-siam.jpg 1920w, https:\/\/siamingenieria.com\/wpf\/wp-content\/uploads\/blog-ruido-siam-300x200.jpg 300w, https:\/\/siamingenieria.com\/wpf\/wp-content\/uploads\/blog-ruido-siam-1024x683.jpg 1024w, https:\/\/siamingenieria.com\/wpf\/wp-content\/uploads\/blog-ruido-siam-150x100.jpg 150w, https:\/\/siamingenieria.com\/wpf\/wp-content\/uploads\/blog-ruido-siam-768x512.jpg 768w, https:\/\/siamingenieria.com\/wpf\/wp-content\/uploads\/blog-ruido-siam-1536x1024.jpg 1536w\" sizes=\"(max-width: 1920px) 100vw, 1920px\" \/><\/div><\/a>\n\t\t\t\t<div class=\"elementor-post__badge\">Ruido ambiental<\/div>\n\t\t\t\t<div class=\"elementor-post__text\">\n\t\t\t\t<h3 class=\"elementor-post__title\">\n\t\t\t<a href=\"https:\/\/siamingenieria.com\/wpf\/ruido-ambiental-en-construccion-y-energia-medicion-cumplimiento-tecnico-de-la-resolucion-627-de-2006-y-gestion-de-riesgos-comunitarios\/\" >\n\t\t\t\tRuido ambiental en construcci\u00f3n y energ\u00eda: medici\u00f3n, cumplimiento t\u00e9cnico de la Resoluci\u00f3n 627 de 2006 y gesti\u00f3n de riesgos comunitarios\t\t\t<\/a>\n\t\t<\/h3>\n\t\t\t\t<div class=\"elementor-post__excerpt\">\n\t\t\t<p>El ruido no es solo \u201ccumplir con decibeles\u201d: es gesti\u00f3n de percepci\u00f3n. Medir con m\u00e9todo, controlar t\u00e9cnicamente y comunicarse bien ahorra tiempo, dinero y reputaci\u00f3n. Si necesitas un plan de ruido llave en mano, lo construimos sobre tus cronogramas de obra.<\/p>\n\t\t<\/div>\n\t\t\n\t\t<a class=\"elementor-post__read-more\" href=\"https:\/\/siamingenieria.com\/wpf\/ruido-ambiental-en-construccion-y-energia-medicion-cumplimiento-tecnico-de-la-resolucion-627-de-2006-y-gestion-de-riesgos-comunitarios\/\" aria-label=\"M\u00e1s informaci\u00f3n sobre Ruido ambiental en construcci\u00f3n y energ\u00eda: medici\u00f3n, cumplimiento t\u00e9cnico de la Resoluci\u00f3n 627 de 2006 y gesti\u00f3n de riesgos comunitarios\" tabindex=\"-1\" >\n\t\t\tVer Mas \u00bb\t\t<\/a>\n\n\t\t\t\t<\/div>\n\t\t\t\t<div class=\"elementor-post__meta-data\">\n\t\t\t\t\t<span class=\"elementor-post-date\">\n\t\t\tnoviembre 17, 2025\t\t<\/span>\n\t\t\t\t<\/div>\n\t\t\t\t\t<\/div>\n\t\t<\/article>\n\t\t\t\t<article class=\"elementor-post elementor-grid-item post-1481 post type-post status-publish format-standard has-post-thumbnail hentry category-monitoreo-de-calidad-del-aire\" role=\"listitem\">\n\t\t\t<div class=\"elementor-post__card\">\n\t\t\t\t<a class=\"elementor-post__thumbnail__link\" href=\"https:\/\/siamingenieria.com\/wpf\/monitoreo-de-calidad-del-aire-en-mineria-energia-e-infraestructura-cumplimiento-tecnico-de-la-resolucion-2254-de-2017-sin-detener-la-operacion\/\" tabindex=\"-1\" ><div class=\"elementor-post__thumbnail\"><img decoding=\"async\" width=\"1920\" height=\"1080\" src=\"https:\/\/siamingenieria.com\/wpf\/wp-content\/uploads\/blog-calidad-de-aire-Siam.jpg\" class=\"attachment-full size-full wp-image-3726\" alt=\"\" srcset=\"https:\/\/siamingenieria.com\/wpf\/wp-content\/uploads\/blog-calidad-de-aire-Siam.jpg 1920w, https:\/\/siamingenieria.com\/wpf\/wp-content\/uploads\/blog-calidad-de-aire-Siam-300x169.jpg 300w, https:\/\/siamingenieria.com\/wpf\/wp-content\/uploads\/blog-calidad-de-aire-Siam-1024x576.jpg 1024w, https:\/\/siamingenieria.com\/wpf\/wp-content\/uploads\/blog-calidad-de-aire-Siam-150x84.jpg 150w, https:\/\/siamingenieria.com\/wpf\/wp-content\/uploads\/blog-calidad-de-aire-Siam-768x432.jpg 768w, https:\/\/siamingenieria.com\/wpf\/wp-content\/uploads\/blog-calidad-de-aire-Siam-1536x864.jpg 1536w\" sizes=\"(max-width: 1920px) 100vw, 1920px\" \/><\/div><\/a>\n\t\t\t\t<div class=\"elementor-post__badge\">Monitoreo de calidad del aire<\/div>\n\t\t\t\t<div class=\"elementor-post__text\">\n\t\t\t\t<h3 class=\"elementor-post__title\">\n\t\t\t<a href=\"https:\/\/siamingenieria.com\/wpf\/monitoreo-de-calidad-del-aire-en-mineria-energia-e-infraestructura-cumplimiento-tecnico-de-la-resolucion-2254-de-2017-sin-detener-la-operacion\/\" >\n\t\t\t\tMonitoreo de calidad del aire en miner\u00eda, energ\u00eda e infraestructura: cumplimiento t\u00e9cnico de la Resoluci\u00f3n 2254 de 2017 sin detener la operaci\u00f3n\t\t\t<\/a>\n\t\t<\/h3>\n\t\t\t\t<div class=\"elementor-post__excerpt\">\n\t\t\t<p>Un SVCA bien dise\u00f1ado, operado por un laboratorio acreditado y respaldado por modelaci\u00f3n AERMOD convierte el cumplimiento en continuidad operativa y confianza con comunidades. Si quieres revisar tu sistema actual o dise\u00f1ar el nuevo desde cero, te ayudamos a pasar de \u201ccumplir\u201d a \u201cprevenir\u201d con datos robustos.<\/p>\n\t\t<\/div>\n\t\t\n\t\t<a class=\"elementor-post__read-more\" href=\"https:\/\/siamingenieria.com\/wpf\/monitoreo-de-calidad-del-aire-en-mineria-energia-e-infraestructura-cumplimiento-tecnico-de-la-resolucion-2254-de-2017-sin-detener-la-operacion\/\" aria-label=\"M\u00e1s informaci\u00f3n sobre Monitoreo de calidad del aire en miner\u00eda, energ\u00eda e infraestructura: cumplimiento t\u00e9cnico de la Resoluci\u00f3n 2254 de 2017 sin detener la operaci\u00f3n\" tabindex=\"-1\" >\n\t\t\tVer Mas \u00bb\t\t<\/a>\n\n\t\t\t\t<\/div>\n\t\t\t\t<div class=\"elementor-post__meta-data\">\n\t\t\t\t\t<span class=\"elementor-post-date\">\n\t\t\toctubre 17, 2025\t\t<\/span>\n\t\t\t\t<\/div>\n\t\t\t\t\t<\/div>\n\t\t<\/article>\n\t\t\t\t<article class=\"elementor-post elementor-grid-item post-1472 post type-post status-publish format-standard has-post-thumbnail hentry category-emisiones-por-chimeneas\" role=\"listitem\">\n\t\t\t<div class=\"elementor-post__card\">\n\t\t\t\t<a class=\"elementor-post__thumbnail__link\" href=\"https:\/\/siamingenieria.com\/wpf\/emisiones-por-chimeneas-guia-tecnica-integral-de-muestreo-isocinetico-epa-methods-y-cumplimiento-de-la-resolucion-909-de-2008\/\" tabindex=\"-1\" ><div class=\"elementor-post__thumbnail\"><img decoding=\"async\" width=\"1920\" height=\"1080\" src=\"https:\/\/siamingenieria.com\/wpf\/wp-content\/uploads\/Blog-Emisiones-por-chimeneas-Siam.jpg\" class=\"attachment-full size-full wp-image-3731\" alt=\"\" srcset=\"https:\/\/siamingenieria.com\/wpf\/wp-content\/uploads\/Blog-Emisiones-por-chimeneas-Siam.jpg 1920w, https:\/\/siamingenieria.com\/wpf\/wp-content\/uploads\/Blog-Emisiones-por-chimeneas-Siam-300x169.jpg 300w, https:\/\/siamingenieria.com\/wpf\/wp-content\/uploads\/Blog-Emisiones-por-chimeneas-Siam-1024x576.jpg 1024w, https:\/\/siamingenieria.com\/wpf\/wp-content\/uploads\/Blog-Emisiones-por-chimeneas-Siam-150x84.jpg 150w, https:\/\/siamingenieria.com\/wpf\/wp-content\/uploads\/Blog-Emisiones-por-chimeneas-Siam-768x432.jpg 768w, https:\/\/siamingenieria.com\/wpf\/wp-content\/uploads\/Blog-Emisiones-por-chimeneas-Siam-1536x864.jpg 1536w\" sizes=\"(max-width: 1920px) 100vw, 1920px\" \/><\/div><\/a>\n\t\t\t\t<div class=\"elementor-post__badge\">Emisiones por chimeneas<\/div>\n\t\t\t\t<div class=\"elementor-post__text\">\n\t\t\t\t<h3 class=\"elementor-post__title\">\n\t\t\t<a href=\"https:\/\/siamingenieria.com\/wpf\/emisiones-por-chimeneas-guia-tecnica-integral-de-muestreo-isocinetico-epa-methods-y-cumplimiento-de-la-resolucion-909-de-2008\/\" >\n\t\t\t\tEmisiones por chimeneas: gu\u00eda t\u00e9cnica integral de muestreo isocin\u00e9tico (EPA Methods) y cumplimiento de la Resoluci\u00f3n 909 de 2008\t\t\t<\/a>\n\t\t<\/h3>\n\t\t\t\t<div class=\"elementor-post__excerpt\">\n\t\t\t<p>Hacer isocin\u00e9tico bien no es un lujo: es la diferencia entre datos defendibles y retrabajos costosos. Con equipos calibrados, personal competente y lectura correcta de la 909\/2008, pasas de apagar incendios a gestionar emisiones con previsi\u00f3n. \u00bfNecesitas una campa\u00f1a o el plan completo de control? Lo armamos contigo.<\/p>\n\t\t<\/div>\n\t\t\n\t\t<a class=\"elementor-post__read-more\" href=\"https:\/\/siamingenieria.com\/wpf\/emisiones-por-chimeneas-guia-tecnica-integral-de-muestreo-isocinetico-epa-methods-y-cumplimiento-de-la-resolucion-909-de-2008\/\" aria-label=\"M\u00e1s informaci\u00f3n sobre Emisiones por chimeneas: gu\u00eda t\u00e9cnica integral de muestreo isocin\u00e9tico (EPA Methods) y cumplimiento de la Resoluci\u00f3n 909 de 2008\" tabindex=\"-1\" >\n\t\t\tVer Mas \u00bb\t\t<\/a>\n\n\t\t\t\t<\/div>\n\t\t\t\t<div class=\"elementor-post__meta-data\">\n\t\t\t\t\t<span class=\"elementor-post-date\">\n\t\t\tseptiembre 17, 2025\t\t<\/span>\n\t\t\t\t<\/div>\n\t\t\t\t\t<\/div>\n\t\t<\/article>\n\t\t\t\t<\/div>\n\t\t\n\t\t\t\t\t\t<\/div>\n\t\t\t\t<\/div>\n\t\t\t\t<\/div>\n\t\t\t\t\t<\/div>\n\t\t\t\t<\/div>\n\t\t\t\t<\/div>\n\t\t","protected":false},"excerpt":{"rendered":"<p>Blog<\/p>\n","protected":false},"author":1,"featured_media":0,"parent":0,"menu_order":0,"comment_status":"closed","ping_status":"closed","template":"elementor_header_footer","meta":{"_joinchat":[],"footnotes":""},"class_list":["post-2226","page","type-page","status-publish","hentry"],"_links":{"self":[{"href":"https:\/\/siamingenieria.com\/wpf\/wp-json\/wp\/v2\/pages\/2226","targetHints":{"allow":["GET"]}}],"collection":[{"href":"https:\/\/siamingenieria.com\/wpf\/wp-json\/wp\/v2\/pages"}],"about":[{"href":"https:\/\/siamingenieria.com\/wpf\/wp-json\/wp\/v2\/types\/page"}],"author":[{"embeddable":true,"href":"https:\/\/siamingenieria.com\/wpf\/wp-json\/wp\/v2\/users\/1"}],"replies":[{"embeddable":true,"href":"https:\/\/siamingenieria.com\/wpf\/wp-json\/wp\/v2\/comments?post=2226"}],"version-history":[{"count":12,"href":"https:\/\/siamingenieria.com\/wpf\/wp-json\/wp\/v2\/pages\/2226\/revisions"}],"predecessor-version":[{"id":4099,"href":"https:\/\/siamingenieria.com\/wpf\/wp-json\/wp\/v2\/pages\/2226\/revisions\/4099"}],"wp:attachment":[{"href":"https:\/\/siamingenieria.com\/wpf\/wp-json\/wp\/v2\/media?parent=2226"}],"curies":[{"name":"wp","href":"https:\/\/api.w.org\/{rel}","templated":true}]}}