{"id":22,"date":"2025-09-05T05:54:55","date_gmt":"2025-09-05T05:54:55","guid":{"rendered":"https:\/\/themexriver.com\/wp\/eergx\/?page_id=22"},"modified":"2026-03-20T11:05:31","modified_gmt":"2026-03-20T16:05:31","slug":"casos-e-industrias","status":"publish","type":"page","link":"https:\/\/siamingenieria.com\/wpf\/casos-e-industrias\/","title":{"rendered":"Casos e industrias"},"content":{"rendered":"\t\t<div data-elementor-type=\"wp-page\" data-elementor-id=\"22\" class=\"elementor elementor-22\" data-elementor-post-type=\"page\">\n\t\t\t\t<div class=\"elementor-element elementor-element-cf12b90 e-flex e-con-boxed e-con e-parent\" data-id=\"cf12b90\" data-element_type=\"container\" data-e-type=\"container\" data-settings=\"{&quot;background_background&quot;:&quot;classic&quot;}\">\n\t\t\t\t\t<div class=\"e-con-inner\">\n\t\t\t\t<div class=\"elementor-element elementor-element-bfc9e37 elementor-widget elementor-widget-heading\" data-id=\"bfc9e37\" data-element_type=\"widget\" data-e-type=\"widget\" data-widget_type=\"heading.default\">\n\t\t\t\t\t<h1 class=\"elementor-heading-title elementor-size-default\">Casos e industrias<\/h1>\t\t\t\t<\/div>\n\t\t\t\t\t<\/div>\n\t\t\t\t<\/div>\n\t\t<div class=\"elementor-element elementor-element-fa836a8 e-flex e-con-boxed e-con e-parent\" data-id=\"fa836a8\" data-element_type=\"container\" data-e-type=\"container\" data-settings=\"{&quot;background_background&quot;:&quot;classic&quot;}\">\n\t\t\t\t\t<div class=\"e-con-inner\">\n\t\t\t\t<div class=\"elementor-element elementor-element-3f880de elementor-widget elementor-widget-eergx-info-box-7\" data-id=\"3f880de\" data-element_type=\"widget\" data-e-type=\"widget\" data-widget_type=\"eergx-info-box-7.default\">\n\t\t\t\t<div class=\"elementor-widget-container\">\n\t\t\t\t\t<div class=\"egx-design-2-left\">\n            <div class=\"egx-design-2-card wow fadeInUp\" data-wow-duration=\"1s\">\n            <span class=\"icon\">\n                                    <img decoding=\"async\" src=\"https:\/\/siamingenieria.com\/wpf\/wp-content\/uploads\/calidad-del-aire.png\" alt=\"List\">\n                            <\/span>\n\n                            <h5 class=\"egx-heading-1 title\">Calidad del aire<\/h5>\n            \n                            <p class=\"egx-para-1 disc\">Mediciones de calidad del \u00e1rea para el \u00e1rea de influencia del proyecto de explotaci\u00f3n minera.<\/p>\n                                        <a target=\"_self\" rel=\"\" href=\"https:\/\/siamingenieria.com\/wpf\/casos-e-industrias\/calidad-del-aire\/\" class=\"card-btn\">\n                    <span class=\"btn-text\">Ver Mas<\/span>\n                    <span class=\"btn-icon\">\n                        <i class=\"fa-solid fa-plus\"><\/i>\n                    <\/span>\n                <\/a>\n                    <\/div>\n            <div class=\"egx-design-2-card wow fadeInUp\" data-wow-duration=\"1s\">\n            <span class=\"icon\">\n                                    <img decoding=\"async\" src=\"https:\/\/siamingenieria.com\/wpf\/wp-content\/uploads\/fabrica.png\" alt=\"List\">\n                            <\/span>\n\n                            <h5 class=\"egx-heading-1 title\">Ruido ambiental y Emision de Ruido<\/h5>\n            \n                            <p class=\"egx-para-1 disc\">Mediciones de Ruido ambiental en el \u00e1rea de influencia de un proyecto de generaci\u00f3n de energ\u00eda fotovoltaica.<\/p>\n                                        <a target=\"_self\" rel=\"\" href=\"https:\/\/siamingenieria.com\/wpf\/casos-e-industrias\/ruido-ambiental-y-emision-de-ruido\/\" class=\"card-btn\">\n                    <span class=\"btn-text\">Ver Mas<\/span>\n                    <span class=\"btn-icon\">\n                        <i class=\"fa-solid fa-plus\"><\/i>\n                    <\/span>\n                <\/a>\n                    <\/div>\n            <div class=\"egx-design-2-card wow fadeInUp\" data-wow-duration=\"1s\">\n            <span class=\"icon\">\n                                    <img decoding=\"async\" src=\"https:\/\/siamingenieria.com\/wpf\/wp-content\/uploads\/chimenea.png\" alt=\"List\">\n                            <\/span>\n\n                            <h5 class=\"egx-heading-1 title\">Mediciones Isocin\u00e9ticas (Fuentes Fijas)<\/h5>\n            \n                            <p class=\"egx-para-1 disc\">Ejecuci\u00f3n de monitoreos isocin\u00e9ticos en fuentes fijas de emisi\u00f3n atmosf\u00e9rica, orientados a la verificaci\u00f3n del cumplimiento de los l\u00edmites m\u00e1ximos permisibles establecidos por la normatividad ambiental vigente.<\/p>\n                                        <a target=\"_self\" rel=\"\" href=\"https:\/\/siamingenieria.com\/wpf\/casos-e-industrias\/mediciones-isocineticas-fuentes-fijas\/\" class=\"card-btn\">\n                    <span class=\"btn-text\">Ver Mas<\/span>\n                    <span class=\"btn-icon\">\n                        <i class=\"fa-solid fa-plus\"><\/i>\n                    <\/span>\n                <\/a>\n                    <\/div>\n            <div class=\"egx-design-2-card wow fadeInUp\" data-wow-duration=\"1s\">\n            <span class=\"icon\">\n                                    <img decoding=\"async\" src=\"https:\/\/siamingenieria.com\/wpf\/wp-content\/uploads\/meteorologia.png\" alt=\"List\">\n                            <\/span>\n\n                            <h5 class=\"egx-heading-1 title\">Olores Ofensivos<\/h5>\n            \n                            <p class=\"egx-para-1 disc\">Ejecuci\u00f3n de monitoreos de olores ofensivos en el \u00e1rea de influencia de un embalse o presa, con el fin de identificar, cuantificar y evaluar las posibles fuentes generadoras de emisiones odor\u00edferas que puedan afectar el entorno y la percepci\u00f3n de la comunidad.<\/p>\n                                        <a target=\"_self\" rel=\"\" href=\"https:\/\/siamingenieria.com\/wpf\/casos-e-industrias\/olores-ofensivos\/\" class=\"card-btn\">\n                    <span class=\"btn-text\">Ver Mas<\/span>\n                    <span class=\"btn-icon\">\n                        <i class=\"fa-solid fa-plus\"><\/i>\n                    <\/span>\n                <\/a>\n                    <\/div>\n    <\/div>\t\t\t\t<\/div>\n\t\t\t\t<\/div>\n\t\t\t\t\t<\/div>\n\t\t\t\t<\/div>\n\t\t\t\t<\/div>\n\t\t","protected":false},"excerpt":{"rendered":"<p>Casos e industrias Calidad del aire Mediciones de calidad del \u00e1rea para el \u00e1rea de influencia del proyecto de explotaci\u00f3n minera. Ver Mas Ruido ambiental y Emision de Ruido Mediciones de Ruido ambiental en el \u00e1rea de influencia de un proyecto de generaci\u00f3n de energ\u00eda fotovoltaica. Ver Mas Mediciones Isocin\u00e9ticas (Fuentes Fijas) Ejecuci\u00f3n de monitoreos [&hellip;]<\/p>\n","protected":false},"author":1,"featured_media":0,"parent":0,"menu_order":0,"comment_status":"closed","ping_status":"closed","template":"elementor_header_footer","meta":{"_joinchat":[],"footnotes":""},"class_list":["post-22","page","type-page","status-publish","hentry"],"_links":{"self":[{"href":"https:\/\/siamingenieria.com\/wpf\/wp-json\/wp\/v2\/pages\/22","targetHints":{"allow":["GET"]}}],"collection":[{"href":"https:\/\/siamingenieria.com\/wpf\/wp-json\/wp\/v2\/pages"}],"about":[{"href":"https:\/\/siamingenieria.com\/wpf\/wp-json\/wp\/v2\/types\/page"}],"author":[{"embeddable":true,"href":"https:\/\/siamingenieria.com\/wpf\/wp-json\/wp\/v2\/users\/1"}],"replies":[{"embeddable":true,"href":"https:\/\/siamingenieria.com\/wpf\/wp-json\/wp\/v2\/comments?post=22"}],"version-history":[{"count":38,"href":"https:\/\/siamingenieria.com\/wpf\/wp-json\/wp\/v2\/pages\/22\/revisions"}],"predecessor-version":[{"id":4096,"href":"https:\/\/siamingenieria.com\/wpf\/wp-json\/wp\/v2\/pages\/22\/revisions\/4096"}],"wp:attachment":[{"href":"https:\/\/siamingenieria.com\/wpf\/wp-json\/wp\/v2\/media?parent=22"}],"curies":[{"name":"wp","href":"https:\/\/api.w.org\/{rel}","templated":true}]}}